{"id":779,"date":"2024-08-26T07:49:22","date_gmt":"2024-08-26T05:49:22","guid":{"rendered":"https:\/\/www.epolog.com\/?page_id=779"},"modified":"2026-01-12T14:25:07","modified_gmt":"2026-01-12T13:25:07","slug":"kopie-von-kontakt","status":"publish","type":"page","link":"https:\/\/www.epolog.com\/?page_id=779","title":{"rendered":"Kontaktadressen"},"content":{"rendered":"\t\t<div data-elementor-type=\"wp-page\" data-elementor-id=\"779\" class=\"elementor elementor-779\">\n\t\t\t\t<div class=\"elementor-element elementor-element-33b6994 e-flex e-con-boxed e-con e-parent\" data-id=\"33b6994\" data-element_type=\"container\">\n\t\t\t\t\t<div class=\"e-con-inner\">\n\t\t<div class=\"elementor-element elementor-element-1137c40 e-con-full e-flex e-con e-child\" data-id=\"1137c40\" data-element_type=\"container\">\n\t\t\t\t<div class=\"elementor-element elementor-element-67e71d4 elementor-widget elementor-widget-heading\" data-id=\"67e71d4\" data-element_type=\"widget\" data-widget_type=\"heading.default\">\n\t\t\t\t<div class=\"elementor-widget-container\">\n\t\t\t\t\t<h2 class=\"elementor-heading-title elementor-size-default\">Kontaktdaten<\/h2>\t\t\t\t<\/div>\n\t\t\t\t<\/div>\n\t\t\t\t<div class=\"elementor-element elementor-element-b1b0409 elementor-widget elementor-widget-text-editor\" data-id=\"b1b0409\" data-element_type=\"widget\" data-widget_type=\"text-editor.default\">\n\t\t\t\t<div class=\"elementor-widget-container\">\n\t\t\t\t\t\t\t\t\t<p>Unsere Homepage soll Ihnen einen Eindruck geben, welche M\u00f6glichkeiten EPOLOG Ihnen bieten kann.<\/p><p>M\u00f6chten Sie mehr \u00fcber uns wissen?<\/p><p>Dann melden Sie sich einfach \u00fcber das Kontaktformular oder schicken Sie uns direkt eine Email an: <a href=\"mailto:info@epolog.com\">info@epolog.com<\/a>, wir melden uns umgehend bei Ihnen.<\/p>\t\t\t\t\t\t\t\t<\/div>\n\t\t\t\t<\/div>\n\t\t\t\t<\/div>\n\t\t\t\t\t<\/div>\n\t\t\t\t<\/div>\n\t\t<div class=\"elementor-element elementor-element-6f1de05 e-flex e-con-boxed e-con e-parent\" data-id=\"6f1de05\" data-element_type=\"container\">\n\t\t\t\t\t<div class=\"e-con-inner\">\n\t\t\t\t<div class=\"elementor-element elementor-element-7c88cfa elementor-widget elementor-widget-heading\" data-id=\"7c88cfa\" data-element_type=\"widget\" data-widget_type=\"heading.default\">\n\t\t\t\t<div class=\"elementor-widget-container\">\n\t\t\t\t\t<h2 class=\"elementor-heading-title elementor-size-default\">Wir sind f\u00fcr Sie da!<\/h2>\t\t\t\t<\/div>\n\t\t\t\t<\/div>\n\t\t\t\t\t<\/div>\n\t\t\t\t<\/div>\n\t\t<div class=\"elementor-element elementor-element-573c41a e-flex e-con-boxed e-con e-parent\" data-id=\"573c41a\" data-element_type=\"container\">\n\t\t\t\t\t<div class=\"e-con-inner\">\n\t\t<div class=\"elementor-element elementor-element-405baf2 e-con-full e-flex e-con e-child\" data-id=\"405baf2\" data-element_type=\"container\">\n\t\t\t\t<div class=\"elementor-element elementor-element-9eb83a8 elementor-widget elementor-widget-text-editor\" data-id=\"9eb83a8\" data-element_type=\"widget\" data-widget_type=\"text-editor.default\">\n\t\t\t\t<div class=\"elementor-widget-container\">\n\t\t\t\t\t\t\t\t\t<h3><strong>Zentrale Erlensee<\/strong><\/h3><p>EPOLOG Exportverpackung und Logistik GmbH<\/p><p>Siemensstra\u00dfe 5<br \/>D-63526 Erlensee<\/p><p>Telefon: (0 61 83)\u00a08 99 40-0<br \/>Telefax: (0 61 83)\u00a08 99 40-20<\/p><hr \/><h3><strong>Niederlassung Hamburg<\/strong><\/h3><p>EPOLOG Exportverpackung und Logistik GmbH<\/p><p>Antwerpenstra\u00dfe 1a \/ Terminal Dradenau<br \/>D-21129 Hamburg<\/p><p>Telefon: (0 40)\u00a041 43 07 &#8211; 0<br \/>Telefax: (0 40)\u00a041 43 07 &#8211; 20<\/p><hr \/><h3><strong>Niederlassung Hauneck-OT Unterhaun<\/strong><\/h3><p>EPOLOG Exportverpackung und Logistik GmbH<\/p><p>D\u00f6llwiesen 1<br \/>D-36282 Hauneck-OT Unterhaun<\/p><p>Telefon: (0 66 21)\u00a09 66 00 &#8211; 0<br \/>Telefax: (0 66 21)\u00a09 66 00 &#8211; 20<\/p><hr \/>\t\t\t\t\t\t\t\t<\/div>\n\t\t\t\t<\/div>\n\t\t\t\t<\/div>\n\t\t<div class=\"elementor-element elementor-element-6d9f4e6 e-con-full e-flex e-con e-child\" data-id=\"6d9f4e6\" data-element_type=\"container\">\n\t\t\t\t<div class=\"elementor-element elementor-element-278789a elementor-widget elementor-widget-text-editor\" data-id=\"278789a\" data-element_type=\"widget\" data-widget_type=\"text-editor.default\">\n\t\t\t\t<div class=\"elementor-widget-container\">\n\t\t\t\t\t\t\t\t\t<h3>\u00a0<strong>Niederlassung Norderstedt<\/strong><\/h3><p>EPOLOG Exportverpackung und Logistik GmbH<\/p><p>Robert-Koch-Str. 23 B<br \/>D-22851 Norderstedt<\/p><p>Telefon: (0 151) 14 17 17 29<br \/>Telefax: (0 40)\u00a041 43 07 &#8211; 20<\/p><hr \/><h3><strong>Niederlassung Gedern \/ Ober-Seemen<br \/><\/strong><\/h3><p>EPOLOG Exportverpackung und Logistik GmbH<\/p><p>Gederner Str. 60<br \/>D-63688 Gedern \/ Ober-Seemen<\/p><p>Telefon: (0 60 45) 95 53 29 &#8211; 0<br \/>Telefax: (0 60 45) 95 53 29 &#8211; 20<\/p><hr \/><h3><strong>Niederlassung Schweinfurt<br \/><\/strong><\/h3><p>EPOLOG Exportverpackung und Logistik GmbH<\/p><p>Carl-Benz-Stra\u00dfe 22<br \/>D-97424 Schweinfurt<\/p><p>Telefon: (0 61 83) 8 99 40-58 oder (0 151) 58 00 60 92<br \/>Telefax: (0 61 83) 8 99 40-20<\/p>\t\t\t\t\t\t\t\t<\/div>\n\t\t\t\t<\/div>\n\t\t\t\t<\/div>\n\t\t\t\t\t<\/div>\n\t\t\t\t<\/div>\n\t\t\t\t<\/div>\n\t\t","protected":false},"excerpt":{"rendered":"<p>Kontaktdaten Unsere Homepage soll Ihnen einen Eindruck geben, welche M\u00f6glichkeiten EPOLOG Ihnen bieten kann. M\u00f6chten Sie mehr \u00fcber uns wissen? Dann melden Sie sich einfach \u00fcber das Kontaktformular oder schicken Sie uns direkt eine Email an: info@epolog.com, wir melden uns umgehend bei Ihnen. Wir sind f\u00fcr Sie da! Zentrale Erlensee EPOLOG Exportverpackung und Logistik GmbH [&hellip;]<\/p>\n","protected":false},"author":2,"featured_media":0,"parent":0,"menu_order":0,"comment_status":"closed","ping_status":"closed","template":"","meta":{"_monsterinsights_skip_tracking":false,"_monsterinsights_sitenote_active":false,"_monsterinsights_sitenote_note":"","_monsterinsights_sitenote_category":0,"ocean_post_layout":"full-screen","ocean_both_sidebars_style":"","ocean_both_sidebars_content_width":0,"ocean_both_sidebars_sidebars_width":0,"ocean_sidebar":"","ocean_second_sidebar":"","ocean_disable_margins":"enable","ocean_add_body_class":"","ocean_shortcode_before_top_bar":"","ocean_shortcode_after_top_bar":"","ocean_shortcode_before_header":"","ocean_shortcode_after_header":"","ocean_has_shortcode":"","ocean_shortcode_after_title":"","ocean_shortcode_before_footer_widgets":"","ocean_shortcode_after_footer_widgets":"","ocean_shortcode_before_footer_bottom":"","ocean_shortcode_after_footer_bottom":"","ocean_display_top_bar":"off","ocean_display_header":"default","ocean_header_style":"","ocean_center_header_left_menu":"","ocean_custom_header_template":"","ocean_custom_logo":0,"ocean_custom_retina_logo":0,"ocean_custom_logo_max_width":0,"ocean_custom_logo_tablet_max_width":0,"ocean_custom_logo_mobile_max_width":0,"ocean_custom_logo_max_height":0,"ocean_custom_logo_tablet_max_height":0,"ocean_custom_logo_mobile_max_height":0,"ocean_header_custom_menu":"","ocean_menu_typo_font_family":"","ocean_menu_typo_font_subset":"","ocean_menu_typo_font_size":0,"ocean_menu_typo_font_size_tablet":0,"ocean_menu_typo_font_size_mobile":0,"ocean_menu_typo_font_size_unit":"px","ocean_menu_typo_font_weight":"","ocean_menu_typo_font_weight_tablet":"","ocean_menu_typo_font_weight_mobile":"","ocean_menu_typo_transform":"","ocean_menu_typo_transform_tablet":"","ocean_menu_typo_transform_mobile":"","ocean_menu_typo_line_height":0,"ocean_menu_typo_line_height_tablet":0,"ocean_menu_typo_line_height_mobile":0,"ocean_menu_typo_line_height_unit":"","ocean_menu_typo_spacing":0,"ocean_menu_typo_spacing_tablet":0,"ocean_menu_typo_spacing_mobile":0,"ocean_menu_typo_spacing_unit":"","ocean_menu_link_color":"","ocean_menu_link_color_hover":"","ocean_menu_link_color_active":"","ocean_menu_link_background":"","ocean_menu_link_hover_background":"","ocean_menu_link_active_background":"","ocean_menu_social_links_bg":"","ocean_menu_social_hover_links_bg":"","ocean_menu_social_links_color":"","ocean_menu_social_hover_links_color":"","ocean_disable_title":"on","ocean_disable_heading":"default","ocean_post_title":"","ocean_post_subheading":"","ocean_post_title_style":"","ocean_post_title_background_color":"","ocean_post_title_background":0,"ocean_post_title_bg_image_position":"","ocean_post_title_bg_image_attachment":"","ocean_post_title_bg_image_repeat":"","ocean_post_title_bg_image_size":"","ocean_post_title_height":0,"ocean_post_title_bg_overlay":0.5,"ocean_post_title_bg_overlay_color":"","ocean_disable_breadcrumbs":"default","ocean_breadcrumbs_color":"","ocean_breadcrumbs_separator_color":"","ocean_breadcrumbs_links_color":"","ocean_breadcrumbs_links_hover_color":"","ocean_display_footer_widgets":"off","ocean_display_footer_bottom":"default","ocean_custom_footer_template":"","footnotes":""},"class_list":["post-779","page","type-page","status-publish","hentry","entry"],"_links":{"self":[{"href":"https:\/\/www.epolog.com\/index.php?rest_route=\/wp\/v2\/pages\/779","targetHints":{"allow":["GET"]}}],"collection":[{"href":"https:\/\/www.epolog.com\/index.php?rest_route=\/wp\/v2\/pages"}],"about":[{"href":"https:\/\/www.epolog.com\/index.php?rest_route=\/wp\/v2\/types\/page"}],"author":[{"embeddable":true,"href":"https:\/\/www.epolog.com\/index.php?rest_route=\/wp\/v2\/users\/2"}],"replies":[{"embeddable":true,"href":"https:\/\/www.epolog.com\/index.php?rest_route=%2Fwp%2Fv2%2Fcomments&post=779"}],"version-history":[{"count":10,"href":"https:\/\/www.epolog.com\/index.php?rest_route=\/wp\/v2\/pages\/779\/revisions"}],"predecessor-version":[{"id":1406,"href":"https:\/\/www.epolog.com\/index.php?rest_route=\/wp\/v2\/pages\/779\/revisions\/1406"}],"wp:attachment":[{"href":"https:\/\/www.epolog.com\/index.php?rest_route=%2Fwp%2Fv2%2Fmedia&parent=779"}],"curies":[{"name":"wp","href":"https:\/\/api.w.org\/{rel}","templated":true}]}}