{"id":606,"date":"2024-08-23T08:05:20","date_gmt":"2024-08-23T06:05:20","guid":{"rendered":"https:\/\/www.epolog.com\/?page_id=606"},"modified":"2024-09-03T09:52:14","modified_gmt":"2024-09-03T07:52:14","slug":"kopie-von-spedition-2","status":"publish","type":"page","link":"https:\/\/www.epolog.com\/?page_id=606","title":{"rendered":"Dienstleistung"},"content":{"rendered":"\t\t<div data-elementor-type=\"wp-page\" data-elementor-id=\"606\" class=\"elementor elementor-606\">\n\t\t\t\t<div class=\"elementor-element elementor-element-4790ecb e-flex e-con-boxed e-con e-parent\" data-id=\"4790ecb\" data-element_type=\"container\" data-settings=\"{&quot;background_background&quot;:&quot;slideshow&quot;,&quot;background_slideshow_gallery&quot;:[{&quot;id&quot;:671,&quot;url&quot;:&quot;https:\\\/\\\/www.epolog.com\\\/wp-content\\\/uploads\\\/2024\\\/08\\\/Website-bilder-Dienstleistung-bearbeitet3.jpg&quot;},{&quot;id&quot;:672,&quot;url&quot;:&quot;https:\\\/\\\/www.epolog.com\\\/wp-content\\\/uploads\\\/2024\\\/08\\\/Website-bilder-Dienstleistung-bearbeitet4.jpg&quot;},{&quot;id&quot;:673,&quot;url&quot;:&quot;https:\\\/\\\/www.epolog.com\\\/wp-content\\\/uploads\\\/2024\\\/08\\\/Website-bilder-Dienstleistung-bearbeitet5.jpg&quot;},{&quot;id&quot;:674,&quot;url&quot;:&quot;https:\\\/\\\/www.epolog.com\\\/wp-content\\\/uploads\\\/2024\\\/08\\\/Website-bilder-Dienstleistung-bearbeitet6.jpg&quot;},{&quot;id&quot;:676,&quot;url&quot;:&quot;https:\\\/\\\/www.epolog.com\\\/wp-content\\\/uploads\\\/2024\\\/08\\\/Website-bilder-Diesntleistung-bearbeitet7.jpg&quot;}],&quot;background_slideshow_slide_duration&quot;:6000,&quot;background_slideshow_transition_duration&quot;:2000,&quot;background_slideshow_loop&quot;:&quot;yes&quot;,&quot;background_slideshow_slide_transition&quot;:&quot;fade&quot;}\">\n\t\t\t\t\t<div class=\"e-con-inner\">\n\t\t\t\t<div class=\"elementor-element elementor-element-c075eeb elementor-widget elementor-widget-heading\" data-id=\"c075eeb\" data-element_type=\"widget\" data-widget_type=\"heading.default\">\n\t\t\t\t<div class=\"elementor-widget-container\">\n\t\t\t\t\t<h2 class=\"elementor-heading-title elementor-size-default\">Dienstleistungen<\/h2>\t\t\t\t<\/div>\n\t\t\t\t<\/div>\n\t\t\t\t<div class=\"elementor-element elementor-element-ba0656b elementor-widget elementor-widget-button\" data-id=\"ba0656b\" data-element_type=\"widget\" data-widget_type=\"button.default\">\n\t\t\t\t<div class=\"elementor-widget-container\">\n\t\t\t\t\t\t\t\t\t<div class=\"elementor-button-wrapper\">\n\t\t\t\t\t<a class=\"elementor-button elementor-button-link elementor-size-sm\" href=\"https:\/\/www.epolog.com\/?page_id=16\">\n\t\t\t\t\t\t<span class=\"elementor-button-content-wrapper\">\n\t\t\t\t\t\t\t\t\t<span class=\"elementor-button-text\">Jetzt Dienstleistung anfragen!<\/span>\n\t\t\t\t\t<\/span>\n\t\t\t\t\t<\/a>\n\t\t\t\t<\/div>\n\t\t\t\t\t\t\t\t<\/div>\n\t\t\t\t<\/div>\n\t\t\t\t\t<\/div>\n\t\t\t\t<\/div>\n\t\t<div class=\"elementor-element elementor-element-bbe1985 e-flex e-con-boxed e-con e-parent\" data-id=\"bbe1985\" data-element_type=\"container\">\n\t\t\t\t\t<div class=\"e-con-inner\">\n\t\t<div class=\"elementor-element elementor-element-f72843c e-con-full e-flex e-con e-child\" data-id=\"f72843c\" data-element_type=\"container\">\n\t\t\t\t<div class=\"elementor-element elementor-element-0090b39 elementor-widget elementor-widget-image\" data-id=\"0090b39\" data-element_type=\"widget\" data-widget_type=\"image.default\">\n\t\t\t\t<div class=\"elementor-widget-container\">\n\t\t\t\t\t\t\t\t\t\t\t\t\t\t\t<img fetchpriority=\"high\" decoding=\"async\" width=\"1024\" height=\"683\" src=\"https:\/\/www.epolog.com\/wp-content\/uploads\/2024\/08\/Website-bilder-Dienstleistung-bearbeitet4-1024x683.jpg\" class=\"attachment-large size-large wp-image-672\" alt=\"\" srcset=\"https:\/\/www.epolog.com\/wp-content\/uploads\/2024\/08\/Website-bilder-Dienstleistung-bearbeitet4-1024x683.jpg 1024w, https:\/\/www.epolog.com\/wp-content\/uploads\/2024\/08\/Website-bilder-Dienstleistung-bearbeitet4-300x200.jpg 300w, https:\/\/www.epolog.com\/wp-content\/uploads\/2024\/08\/Website-bilder-Dienstleistung-bearbeitet4-768x512.jpg 768w, https:\/\/www.epolog.com\/wp-content\/uploads\/2024\/08\/Website-bilder-Dienstleistung-bearbeitet4.jpg 1500w\" sizes=\"(max-width: 1024px) 100vw, 1024px\" \/>\t\t\t\t\t\t\t\t\t\t\t\t\t\t\t<\/div>\n\t\t\t\t<\/div>\n\t\t\t\t<\/div>\n\t\t<div class=\"elementor-element elementor-element-919f33b e-con-full e-flex e-con e-child\" data-id=\"919f33b\" data-element_type=\"container\">\n\t\t\t\t<div class=\"elementor-element elementor-element-94804fa elementor-widget elementor-widget-heading\" data-id=\"94804fa\" data-element_type=\"widget\" data-widget_type=\"heading.default\">\n\t\t\t\t<div class=\"elementor-widget-container\">\n\t\t\t\t\t<h2 class=\"elementor-heading-title elementor-size-default\">Arbeitnehmer\u00fcberlassung<\/h2>\t\t\t\t<\/div>\n\t\t\t\t<\/div>\n\t\t\t\t<div class=\"elementor-element elementor-element-9e077de elementor-widget elementor-widget-text-editor\" data-id=\"9e077de\" data-element_type=\"widget\" data-widget_type=\"text-editor.default\">\n\t\t\t\t<div class=\"elementor-widget-container\">\n\t\t\t\t\t\t\t\t\t<p>Wir stellen Ihnen im Rahmen der Arbeitnehmer\u00fcberlassung unser geschultes Fachpersonal aus den Bereichen Verpackung, Versand und Lagerhaltung f\u00fcr den von Ihnen gew\u00fcnschten Zeitraum zur Verf\u00fcgung. Mit uns k\u00f6nnen Sie in Zeiten erh\u00f6hten Personalbedarfs schnell und flexibel agieren.<\/p>\t\t\t\t\t\t\t\t<\/div>\n\t\t\t\t<\/div>\n\t\t\t\t<\/div>\n\t\t\t\t\t<\/div>\n\t\t\t\t<\/div>\n\t\t<div class=\"elementor-element elementor-element-22f6f34 e-flex e-con-boxed e-con e-parent\" data-id=\"22f6f34\" data-element_type=\"container\">\n\t\t\t\t\t<div class=\"e-con-inner\">\n\t\t<div class=\"elementor-element elementor-element-f822038 e-con-full e-flex e-con e-child\" data-id=\"f822038\" data-element_type=\"container\">\n\t\t\t\t<div class=\"elementor-element elementor-element-63615ea elementor-widget elementor-widget-heading\" data-id=\"63615ea\" data-element_type=\"widget\" data-widget_type=\"heading.default\">\n\t\t\t\t<div class=\"elementor-widget-container\">\n\t\t\t\t\t<h2 class=\"elementor-heading-title elementor-size-default\">Outsourcing<\/h2>\t\t\t\t<\/div>\n\t\t\t\t<\/div>\n\t\t\t\t<div class=\"elementor-element elementor-element-1054a82 elementor-widget elementor-widget-text-editor\" data-id=\"1054a82\" data-element_type=\"widget\" data-widget_type=\"text-editor.default\">\n\t\t\t\t<div class=\"elementor-widget-container\">\n\t\t\t\t\t\t\t\t\t<p>Sie wollen den kompletten Versand oder auch nur den Teilbereich Verpackung an einen externen Dienstleister \u00fcbergeben? Dann sind wir der richtige Partner f\u00fcr Sie!<\/p><p>Gerne beraten wir Sie zu diesem Thema und erarbeiten gemeinsam mit Ihnen eine auf Ihre Bed\u00fcrfnisse zugeschnittene L\u00f6sung.<\/p>\t\t\t\t\t\t\t\t<\/div>\n\t\t\t\t<\/div>\n\t\t\t\t<\/div>\n\t\t<div class=\"elementor-element elementor-element-42118f9 e-con-full e-flex e-con e-child\" data-id=\"42118f9\" data-element_type=\"container\">\n\t\t\t\t<div class=\"elementor-element elementor-element-fd0981d elementor-widget elementor-widget-image\" data-id=\"fd0981d\" data-element_type=\"widget\" data-widget_type=\"image.default\">\n\t\t\t\t<div class=\"elementor-widget-container\">\n\t\t\t\t\t\t\t\t\t\t\t\t\t\t\t<img decoding=\"async\" width=\"1024\" height=\"683\" src=\"https:\/\/www.epolog.com\/wp-content\/uploads\/2024\/08\/Website-bilder-Diesntleistung-bearbeitet2-1024x683.jpg\" class=\"attachment-large size-large wp-image-675\" alt=\"\" srcset=\"https:\/\/www.epolog.com\/wp-content\/uploads\/2024\/08\/Website-bilder-Diesntleistung-bearbeitet2-1024x683.jpg 1024w, https:\/\/www.epolog.com\/wp-content\/uploads\/2024\/08\/Website-bilder-Diesntleistung-bearbeitet2-300x200.jpg 300w, https:\/\/www.epolog.com\/wp-content\/uploads\/2024\/08\/Website-bilder-Diesntleistung-bearbeitet2-768x512.jpg 768w, https:\/\/www.epolog.com\/wp-content\/uploads\/2024\/08\/Website-bilder-Diesntleistung-bearbeitet2.jpg 1500w\" sizes=\"(max-width: 1024px) 100vw, 1024px\" \/>\t\t\t\t\t\t\t\t\t\t\t\t\t\t\t<\/div>\n\t\t\t\t<\/div>\n\t\t\t\t<\/div>\n\t\t\t\t\t<\/div>\n\t\t\t\t<\/div>\n\t\t<div class=\"elementor-element elementor-element-66c4c15 e-flex e-con-boxed e-con e-parent\" data-id=\"66c4c15\" data-element_type=\"container\">\n\t\t\t\t\t<div class=\"e-con-inner\">\n\t\t\t\t<div class=\"elementor-element elementor-element-754c16e elementor-widget elementor-widget-button\" data-id=\"754c16e\" data-element_type=\"widget\" data-widget_type=\"button.default\">\n\t\t\t\t<div class=\"elementor-widget-container\">\n\t\t\t\t\t\t\t\t\t<div class=\"elementor-button-wrapper\">\n\t\t\t\t\t<a class=\"elementor-button elementor-button-link elementor-size-sm\" href=\"https:\/\/www.epolog.com\/?page_id=16\">\n\t\t\t\t\t\t<span class=\"elementor-button-content-wrapper\">\n\t\t\t\t\t\t\t\t\t<span class=\"elementor-button-text\">Jetzt Dienstleistung anfragen!<\/span>\n\t\t\t\t\t<\/span>\n\t\t\t\t\t<\/a>\n\t\t\t\t<\/div>\n\t\t\t\t\t\t\t\t<\/div>\n\t\t\t\t<\/div>\n\t\t\t\t\t<\/div>\n\t\t\t\t<\/div>\n\t\t<div class=\"elementor-element elementor-element-52f1138 e-flex e-con-boxed e-con e-parent\" data-id=\"52f1138\" data-element_type=\"container\">\n\t\t\t\t\t<div class=\"e-con-inner\">\n\t\t\t\t<div class=\"elementor-element elementor-element-c29637e elementor-widget elementor-widget-heading\" data-id=\"c29637e\" data-element_type=\"widget\" data-widget_type=\"heading.default\">\n\t\t\t\t<div class=\"elementor-widget-container\">\n\t\t\t\t\t<h2 class=\"elementor-heading-title elementor-size-default\">Entdecken Sie jetzt unsere weiteren Leistungen!<\/h2>\t\t\t\t<\/div>\n\t\t\t\t<\/div>\n\t\t\t\t\t<\/div>\n\t\t\t\t<\/div>\n\t\t<div class=\"elementor-element elementor-element-bc5354d e-flex e-con-boxed e-con e-parent\" data-id=\"bc5354d\" data-element_type=\"container\">\n\t\t\t\t\t<div class=\"e-con-inner\">\n\t\t<div class=\"elementor-element elementor-element-f64a400 e-con-full e-flex e-con e-child\" data-id=\"f64a400\" data-element_type=\"container\">\n\t\t\t\t<div class=\"elementor-element elementor-element-a992433 elementor-widget elementor-widget-image\" data-id=\"a992433\" data-element_type=\"widget\" data-widget_type=\"image.default\">\n\t\t\t\t<div class=\"elementor-widget-container\">\n\t\t\t\t\t\t\t\t\t\t\t\t\t\t\t\t<a href=\"https:\/\/www.epolog.com\/?page_id=186\">\n\t\t\t\t\t\t\t<img decoding=\"async\" width=\"1024\" height=\"683\" src=\"https:\/\/www.epolog.com\/wp-content\/uploads\/2024\/08\/6-1024x683.jpg\" class=\"attachment-large size-large wp-image-301\" alt=\"\" srcset=\"https:\/\/www.epolog.com\/wp-content\/uploads\/2024\/08\/6-1024x683.jpg 1024w, https:\/\/www.epolog.com\/wp-content\/uploads\/2024\/08\/6-300x200.jpg 300w, https:\/\/www.epolog.com\/wp-content\/uploads\/2024\/08\/6-768x512.jpg 768w, https:\/\/www.epolog.com\/wp-content\/uploads\/2024\/08\/6.jpg 1500w\" sizes=\"(max-width: 1024px) 100vw, 1024px\" \/>\t\t\t\t\t\t\t\t<\/a>\n\t\t\t\t\t\t\t\t\t\t\t\t\t\t\t<\/div>\n\t\t\t\t<\/div>\n\t\t\t\t<div class=\"elementor-element elementor-element-bef2023 elementor-widget elementor-widget-heading\" data-id=\"bef2023\" data-element_type=\"widget\" data-widget_type=\"heading.default\">\n\t\t\t\t<div class=\"elementor-widget-container\">\n\t\t\t\t\t<h2 class=\"elementor-heading-title elementor-size-default\"><a href=\"https:\/\/www.epolog.com\/?page_id=186\">Verpackung<\/a><\/h2>\t\t\t\t<\/div>\n\t\t\t\t<\/div>\n\t\t\t\t<\/div>\n\t\t<div class=\"elementor-element elementor-element-77e7794 e-con-full e-flex e-con e-child\" data-id=\"77e7794\" data-element_type=\"container\">\n\t\t\t\t<div class=\"elementor-element elementor-element-d716d1e elementor-widget elementor-widget-image\" data-id=\"d716d1e\" data-element_type=\"widget\" data-widget_type=\"image.default\">\n\t\t\t\t<div class=\"elementor-widget-container\">\n\t\t\t\t\t\t\t\t\t\t\t\t\t\t\t\t<a href=\"https:\/\/www.epolog.com\/?page_id=315\">\n\t\t\t\t\t\t\t<img loading=\"lazy\" decoding=\"async\" width=\"1024\" height=\"683\" src=\"https:\/\/www.epolog.com\/wp-content\/uploads\/2024\/08\/8-1024x683.jpg\" class=\"attachment-large size-large wp-image-302\" alt=\"\" srcset=\"https:\/\/www.epolog.com\/wp-content\/uploads\/2024\/08\/8-1024x683.jpg 1024w, https:\/\/www.epolog.com\/wp-content\/uploads\/2024\/08\/8-300x200.jpg 300w, https:\/\/www.epolog.com\/wp-content\/uploads\/2024\/08\/8-768x512.jpg 768w, https:\/\/www.epolog.com\/wp-content\/uploads\/2024\/08\/8.jpg 1500w\" sizes=\"(max-width: 1024px) 100vw, 1024px\" \/>\t\t\t\t\t\t\t\t<\/a>\n\t\t\t\t\t\t\t\t\t\t\t\t\t\t\t<\/div>\n\t\t\t\t<\/div>\n\t\t\t\t<div class=\"elementor-element elementor-element-ca9ceac elementor-widget elementor-widget-heading\" data-id=\"ca9ceac\" data-element_type=\"widget\" data-widget_type=\"heading.default\">\n\t\t\t\t<div class=\"elementor-widget-container\">\n\t\t\t\t\t<h2 class=\"elementor-heading-title elementor-size-default\"><a href=\"https:\/\/www.epolog.com\/?page_id=315\">Spedition<\/a><\/h2>\t\t\t\t<\/div>\n\t\t\t\t<\/div>\n\t\t\t\t<\/div>\n\t\t<div class=\"elementor-element elementor-element-09caaea e-con-full e-flex e-con e-child\" data-id=\"09caaea\" data-element_type=\"container\">\n\t\t\t\t<div class=\"elementor-element elementor-element-e38f0ff elementor-widget elementor-widget-image\" data-id=\"e38f0ff\" data-element_type=\"widget\" data-widget_type=\"image.default\">\n\t\t\t\t<div class=\"elementor-widget-container\">\n\t\t\t\t\t\t\t\t\t\t\t\t\t\t\t\t<a href=\"https:\/\/www.epolog.com\/?page_id=326\">\n\t\t\t\t\t\t\t<img loading=\"lazy\" decoding=\"async\" width=\"1024\" height=\"683\" src=\"https:\/\/www.epolog.com\/wp-content\/uploads\/2024\/08\/Website-bilder16-1024x683.jpg\" class=\"attachment-large size-large wp-image-311\" alt=\"\" srcset=\"https:\/\/www.epolog.com\/wp-content\/uploads\/2024\/08\/Website-bilder16-1024x683.jpg 1024w, https:\/\/www.epolog.com\/wp-content\/uploads\/2024\/08\/Website-bilder16-300x200.jpg 300w, https:\/\/www.epolog.com\/wp-content\/uploads\/2024\/08\/Website-bilder16-768x512.jpg 768w, https:\/\/www.epolog.com\/wp-content\/uploads\/2024\/08\/Website-bilder16.jpg 1500w\" sizes=\"(max-width: 1024px) 100vw, 1024px\" \/>\t\t\t\t\t\t\t\t<\/a>\n\t\t\t\t\t\t\t\t\t\t\t\t\t\t\t<\/div>\n\t\t\t\t<\/div>\n\t\t\t\t<div class=\"elementor-element elementor-element-0c0ad6a elementor-widget elementor-widget-heading\" data-id=\"0c0ad6a\" data-element_type=\"widget\" data-widget_type=\"heading.default\">\n\t\t\t\t<div class=\"elementor-widget-container\">\n\t\t\t\t\t<h2 class=\"elementor-heading-title elementor-size-default\"><a href=\"https:\/\/www.epolog.com\/?page_id=326\">Packmittel<\/a><\/h2>\t\t\t\t<\/div>\n\t\t\t\t<\/div>\n\t\t\t\t<\/div>\n\t\t<div class=\"elementor-element elementor-element-3250c0c e-con-full e-flex e-con e-child\" data-id=\"3250c0c\" data-element_type=\"container\">\n\t\t\t\t<div class=\"elementor-element elementor-element-b371d54 elementor-widget elementor-widget-image\" data-id=\"b371d54\" data-element_type=\"widget\" data-widget_type=\"image.default\">\n\t\t\t\t<div class=\"elementor-widget-container\">\n\t\t\t\t\t\t\t\t\t\t\t\t\t\t\t\t<a href=\"https:\/\/www.epolog.com\/?page_id=267\">\n\t\t\t\t\t\t\t<img loading=\"lazy\" decoding=\"async\" width=\"1024\" height=\"683\" src=\"https:\/\/www.epolog.com\/wp-content\/uploads\/2024\/08\/Website-bilder15-1024x683.jpg\" class=\"attachment-large size-large wp-image-298\" alt=\"\" srcset=\"https:\/\/www.epolog.com\/wp-content\/uploads\/2024\/08\/Website-bilder15-1024x683.jpg 1024w, https:\/\/www.epolog.com\/wp-content\/uploads\/2024\/08\/Website-bilder15-300x200.jpg 300w, https:\/\/www.epolog.com\/wp-content\/uploads\/2024\/08\/Website-bilder15-768x512.jpg 768w, https:\/\/www.epolog.com\/wp-content\/uploads\/2024\/08\/Website-bilder15.jpg 1500w\" sizes=\"(max-width: 1024px) 100vw, 1024px\" \/>\t\t\t\t\t\t\t\t<\/a>\n\t\t\t\t\t\t\t\t\t\t\t\t\t\t\t<\/div>\n\t\t\t\t<\/div>\n\t\t\t\t<div class=\"elementor-element elementor-element-201a61c elementor-widget elementor-widget-heading\" data-id=\"201a61c\" data-element_type=\"widget\" data-widget_type=\"heading.default\">\n\t\t\t\t<div class=\"elementor-widget-container\">\n\t\t\t\t\t<h2 class=\"elementor-heading-title elementor-size-default\"><a href=\"https:\/\/www.epolog.com\/?page_id=267\">Containerstau<\/a><\/h2>\t\t\t\t<\/div>\n\t\t\t\t<\/div>\n\t\t\t\t<\/div>\n\t\t<div class=\"elementor-element elementor-element-8cd25b4 e-con-full e-flex e-con e-child\" data-id=\"8cd25b4\" data-element_type=\"container\">\n\t\t\t\t<div class=\"elementor-element elementor-element-9079235 elementor-widget elementor-widget-image\" data-id=\"9079235\" data-element_type=\"widget\" data-widget_type=\"image.default\">\n\t\t\t\t<div class=\"elementor-widget-container\">\n\t\t\t\t\t\t\t\t\t\t\t\t\t\t\t\t<a href=\"https:\/\/www.epolog.com\/?page_id=337\">\n\t\t\t\t\t\t\t<img loading=\"lazy\" decoding=\"async\" width=\"1024\" height=\"683\" src=\"https:\/\/www.epolog.com\/wp-content\/uploads\/2024\/08\/10-1024x683.jpg\" class=\"attachment-large size-large wp-image-300\" alt=\"\" srcset=\"https:\/\/www.epolog.com\/wp-content\/uploads\/2024\/08\/10-1024x683.jpg 1024w, https:\/\/www.epolog.com\/wp-content\/uploads\/2024\/08\/10-300x200.jpg 300w, https:\/\/www.epolog.com\/wp-content\/uploads\/2024\/08\/10-768x512.jpg 768w, https:\/\/www.epolog.com\/wp-content\/uploads\/2024\/08\/10.jpg 1500w\" sizes=\"(max-width: 1024px) 100vw, 1024px\" \/>\t\t\t\t\t\t\t\t<\/a>\n\t\t\t\t\t\t\t\t\t\t\t\t\t\t\t<\/div>\n\t\t\t\t<\/div>\n\t\t\t\t<div class=\"elementor-element elementor-element-7da6e87 elementor-widget elementor-widget-heading\" data-id=\"7da6e87\" data-element_type=\"widget\" data-widget_type=\"heading.default\">\n\t\t\t\t<div class=\"elementor-widget-container\">\n\t\t\t\t\t<h2 class=\"elementor-heading-title elementor-size-default\"><a href=\"https:\/\/www.epolog.com\/?page_id=337\">Lagerhaltung<\/a><\/h2>\t\t\t\t<\/div>\n\t\t\t\t<\/div>\n\t\t\t\t<\/div>\n\t\t\t\t\t<\/div>\n\t\t\t\t<\/div>\n\t\t\t\t<\/div>\n\t\t","protected":false},"excerpt":{"rendered":"<p>Dienstleistungen Jetzt Dienstleistung anfragen! Arbeitnehmer\u00fcberlassung Wir stellen Ihnen im Rahmen der Arbeitnehmer\u00fcberlassung unser geschultes Fachpersonal aus den Bereichen Verpackung, Versand und Lagerhaltung f\u00fcr den von Ihnen gew\u00fcnschten Zeitraum zur Verf\u00fcgung. Mit uns k\u00f6nnen Sie in Zeiten erh\u00f6hten Personalbedarfs schnell und flexibel agieren. Outsourcing Sie wollen den kompletten Versand oder auch nur den Teilbereich Verpackung an [&hellip;]<\/p>\n","protected":false},"author":2,"featured_media":0,"parent":0,"menu_order":0,"comment_status":"closed","ping_status":"closed","template":"","meta":{"_monsterinsights_skip_tracking":false,"_monsterinsights_sitenote_active":false,"_monsterinsights_sitenote_note":"","_monsterinsights_sitenote_category":0,"ocean_post_layout":"full-screen","ocean_both_sidebars_style":"","ocean_both_sidebars_content_width":0,"ocean_both_sidebars_sidebars_width":0,"ocean_sidebar":"","ocean_second_sidebar":"","ocean_disable_margins":"enable","ocean_add_body_class":"","ocean_shortcode_before_top_bar":"","ocean_shortcode_after_top_bar":"","ocean_shortcode_before_header":"","ocean_shortcode_after_header":"","ocean_has_shortcode":"","ocean_shortcode_after_title":"","ocean_shortcode_before_footer_widgets":"","ocean_shortcode_after_footer_widgets":"","ocean_shortcode_before_footer_bottom":"","ocean_shortcode_after_footer_bottom":"","ocean_display_top_bar":"off","ocean_display_header":"default","ocean_header_style":"","ocean_center_header_left_menu":"","ocean_custom_header_template":"","ocean_custom_logo":0,"ocean_custom_retina_logo":0,"ocean_custom_logo_max_width":0,"ocean_custom_logo_tablet_max_width":0,"ocean_custom_logo_mobile_max_width":0,"ocean_custom_logo_max_height":0,"ocean_custom_logo_tablet_max_height":0,"ocean_custom_logo_mobile_max_height":0,"ocean_header_custom_menu":"","ocean_menu_typo_font_family":"","ocean_menu_typo_font_subset":"","ocean_menu_typo_font_size":0,"ocean_menu_typo_font_size_tablet":0,"ocean_menu_typo_font_size_mobile":0,"ocean_menu_typo_font_size_unit":"px","ocean_menu_typo_font_weight":"","ocean_menu_typo_font_weight_tablet":"","ocean_menu_typo_font_weight_mobile":"","ocean_menu_typo_transform":"","ocean_menu_typo_transform_tablet":"","ocean_menu_typo_transform_mobile":"","ocean_menu_typo_line_height":0,"ocean_menu_typo_line_height_tablet":0,"ocean_menu_typo_line_height_mobile":0,"ocean_menu_typo_line_height_unit":"","ocean_menu_typo_spacing":0,"ocean_menu_typo_spacing_tablet":0,"ocean_menu_typo_spacing_mobile":0,"ocean_menu_typo_spacing_unit":"","ocean_menu_link_color":"","ocean_menu_link_color_hover":"","ocean_menu_link_color_active":"","ocean_menu_link_background":"","ocean_menu_link_hover_background":"","ocean_menu_link_active_background":"","ocean_menu_social_links_bg":"","ocean_menu_social_hover_links_bg":"","ocean_menu_social_links_color":"","ocean_menu_social_hover_links_color":"","ocean_disable_title":"on","ocean_disable_heading":"default","ocean_post_title":"","ocean_post_subheading":"","ocean_post_title_style":"","ocean_post_title_background_color":"","ocean_post_title_background":0,"ocean_post_title_bg_image_position":"","ocean_post_title_bg_image_attachment":"","ocean_post_title_bg_image_repeat":"","ocean_post_title_bg_image_size":"","ocean_post_title_height":0,"ocean_post_title_bg_overlay":0.5,"ocean_post_title_bg_overlay_color":"","ocean_disable_breadcrumbs":"default","ocean_breadcrumbs_color":"","ocean_breadcrumbs_separator_color":"","ocean_breadcrumbs_links_color":"","ocean_breadcrumbs_links_hover_color":"","ocean_display_footer_widgets":"off","ocean_display_footer_bottom":"default","ocean_custom_footer_template":"","footnotes":""},"class_list":["post-606","page","type-page","status-publish","hentry","entry"],"_links":{"self":[{"href":"https:\/\/www.epolog.com\/index.php?rest_route=\/wp\/v2\/pages\/606","targetHints":{"allow":["GET"]}}],"collection":[{"href":"https:\/\/www.epolog.com\/index.php?rest_route=\/wp\/v2\/pages"}],"about":[{"href":"https:\/\/www.epolog.com\/index.php?rest_route=\/wp\/v2\/types\/page"}],"author":[{"embeddable":true,"href":"https:\/\/www.epolog.com\/index.php?rest_route=\/wp\/v2\/users\/2"}],"replies":[{"embeddable":true,"href":"https:\/\/www.epolog.com\/index.php?rest_route=%2Fwp%2Fv2%2Fcomments&post=606"}],"version-history":[{"count":16,"href":"https:\/\/www.epolog.com\/index.php?rest_route=\/wp\/v2\/pages\/606\/revisions"}],"predecessor-version":[{"id":955,"href":"https:\/\/www.epolog.com\/index.php?rest_route=\/wp\/v2\/pages\/606\/revisions\/955"}],"wp:attachment":[{"href":"https:\/\/www.epolog.com\/index.php?rest_route=%2Fwp%2Fv2%2Fmedia&parent=606"}],"curies":[{"name":"wp","href":"https:\/\/api.w.org\/{rel}","templated":true}]}}