{"id":590,"date":"2024-08-23T07:43:21","date_gmt":"2024-08-23T05:43:21","guid":{"rendered":"https:\/\/www.epolog.com\/?page_id=590"},"modified":"2024-08-27T12:44:39","modified_gmt":"2024-08-27T10:44:39","slug":"kopie-von-datenschutzerklaerung","status":"publish","type":"page","link":"https:\/\/www.epolog.com\/?page_id=590","title":{"rendered":"AGB"},"content":{"rendered":"\t\t<div data-elementor-type=\"wp-page\" data-elementor-id=\"590\" class=\"elementor elementor-590\">\n\t\t\t\t<div class=\"elementor-element elementor-element-4790ecb e-flex e-con-boxed e-con e-parent\" data-id=\"4790ecb\" data-element_type=\"container\" data-settings=\"{&quot;background_background&quot;:&quot;classic&quot;}\">\n\t\t\t\t\t<div class=\"e-con-inner\">\n\t\t\t\t<div class=\"elementor-element elementor-element-c075eeb elementor-widget elementor-widget-heading\" data-id=\"c075eeb\" data-element_type=\"widget\" data-widget_type=\"heading.default\">\n\t\t\t\t<div class=\"elementor-widget-container\">\n\t\t\t\t\t<h2 class=\"elementor-heading-title elementor-size-default\">Allgemeine Gesch\u00e4ftsbedingungen (AGB)<\/h2>\t\t\t\t<\/div>\n\t\t\t\t<\/div>\n\t\t\t\t<div class=\"elementor-element elementor-element-ba0656b elementor-widget elementor-widget-button\" data-id=\"ba0656b\" data-element_type=\"widget\" data-widget_type=\"button.default\">\n\t\t\t\t<div class=\"elementor-widget-container\">\n\t\t\t\t\t\t\t\t\t<div class=\"elementor-button-wrapper\">\n\t\t\t\t\t<a class=\"elementor-button elementor-button-link elementor-size-sm\" href=\"https:\/\/www.epolog.com\/?page_id=16\">\n\t\t\t\t\t\t<span class=\"elementor-button-content-wrapper\">\n\t\t\t\t\t\t\t\t\t<span class=\"elementor-button-text\">Jetzt Kontakt aufnehmen!<\/span>\n\t\t\t\t\t<\/span>\n\t\t\t\t\t<\/a>\n\t\t\t\t<\/div>\n\t\t\t\t\t\t\t\t<\/div>\n\t\t\t\t<\/div>\n\t\t\t\t\t<\/div>\n\t\t\t\t<\/div>\n\t\t<div class=\"elementor-element elementor-element-bbe1985 e-flex e-con-boxed e-con e-parent\" data-id=\"bbe1985\" data-element_type=\"container\">\n\t\t\t\t\t<div class=\"e-con-inner\">\n\t\t<div class=\"elementor-element elementor-element-919f33b e-con-full e-flex e-con e-child\" data-id=\"919f33b\" data-element_type=\"container\">\n\t\t\t\t<div class=\"elementor-element elementor-element-94804fa elementor-widget elementor-widget-heading\" data-id=\"94804fa\" data-element_type=\"widget\" data-widget_type=\"heading.default\">\n\t\t\t\t<div class=\"elementor-widget-container\">\n\t\t\t\t\t<h1 class=\"elementor-heading-title elementor-size-default\">Allgemeine Gesch\u00e4ftsbedingungen (AGB)<\/h1>\t\t\t\t<\/div>\n\t\t\t\t<\/div>\n\t\t\t\t<div class=\"elementor-element elementor-element-9e077de elementor-widget elementor-widget-text-editor\" data-id=\"9e077de\" data-element_type=\"widget\" data-widget_type=\"text-editor.default\">\n\t\t\t\t<div class=\"elementor-widget-container\">\n\t\t\t\t\t\t\t\t\t<p>Unsere allgemeinen Gesch\u00e4ftsbedingungen k\u00f6nnen Sie als PDF-Dokument herunterladen.<\/p><p>Sie ben\u00f6tigen zur Darstellung die kostenlose Software Acrobat Reader. Falls dieser noch nicht auf Ihrem System installiert ist, k\u00f6nnen Sie den Acrobat Reader <a href=\"http:\/\/get.adobe.com\/de\/reader\/\" target=\"_blank\" rel=\"noopener\">hier kostenlos herunterladen<\/a>.<\/p>\t\t\t\t\t\t\t\t<\/div>\n\t\t\t\t<\/div>\n\t\t\t\t<div class=\"elementor-element elementor-element-b75ab5f elementor-widget elementor-widget-text-editor\" data-id=\"b75ab5f\" data-element_type=\"widget\" data-widget_type=\"text-editor.default\">\n\t\t\t\t<div class=\"elementor-widget-container\">\n\t\t\t\t\t\t\t\t\t<p><b><img decoding=\"async\" title=\"PDF\" src=\"https:\/\/www.epolog.com\/images\/icon_pdf.gif\" alt=\"PDF\" width=\"16\" height=\"16\" \/> <a href=\"https:\/\/www.epolog.com\/_docs\/AGB_EPOLOG_Fassung_09_20.pdf\" target=\"_blank\" rel=\"noopener\">Allgemeine Gesch\u00e4ftsbedingungen EPOLOG<\/a><\/b><\/p><p><a href=\"https:\/\/www.epolog.com\/_docs\/EPOLOG_ADSp_2017_V2.pdf\" target=\"_blank\" rel=\"noopener\"><b><img decoding=\"async\" title=\"PDF\" src=\"https:\/\/www.epolog.com\/images\/icon_pdf.gif\" alt=\"PDF\" width=\"16\" height=\"16\" \/> Allgemeine Deutsche Spediteursbedingungen (ADSp) 2017 EPOLOG <\/b><\/a><\/p>\t\t\t\t\t\t\t\t<\/div>\n\t\t\t\t<\/div>\n\t\t\t\t<\/div>\n\t\t\t\t\t<\/div>\n\t\t\t\t<\/div>\n\t\t<div class=\"elementor-element elementor-element-66c4c15 e-flex e-con-boxed e-con e-parent\" data-id=\"66c4c15\" data-element_type=\"container\">\n\t\t\t\t\t<div class=\"e-con-inner\">\n\t\t\t\t<div class=\"elementor-element elementor-element-754c16e elementor-widget elementor-widget-button\" data-id=\"754c16e\" data-element_type=\"widget\" data-widget_type=\"button.default\">\n\t\t\t\t<div class=\"elementor-widget-container\">\n\t\t\t\t\t\t\t\t\t<div class=\"elementor-button-wrapper\">\n\t\t\t\t\t<a class=\"elementor-button elementor-button-link elementor-size-sm\" href=\"https:\/\/www.epolog.com\/?page_id=16\">\n\t\t\t\t\t\t<span class=\"elementor-button-content-wrapper\">\n\t\t\t\t\t\t\t\t\t<span class=\"elementor-button-text\">Jetzt Kontakt aufnehmen!<\/span>\n\t\t\t\t\t<\/span>\n\t\t\t\t\t<\/a>\n\t\t\t\t<\/div>\n\t\t\t\t\t\t\t\t<\/div>\n\t\t\t\t<\/div>\n\t\t\t\t\t<\/div>\n\t\t\t\t<\/div>\n\t\t<div class=\"elementor-element elementor-element-52f1138 e-flex e-con-boxed e-con e-parent\" data-id=\"52f1138\" data-element_type=\"container\">\n\t\t\t\t\t<div class=\"e-con-inner\">\n\t\t\t\t<div class=\"elementor-element elementor-element-c29637e elementor-widget elementor-widget-heading\" data-id=\"c29637e\" data-element_type=\"widget\" data-widget_type=\"heading.default\">\n\t\t\t\t<div class=\"elementor-widget-container\">\n\t\t\t\t\t<h2 class=\"elementor-heading-title elementor-size-default\">Entdecken Sie jetzt unsere weiteren Leistungen!<\/h2>\t\t\t\t<\/div>\n\t\t\t\t<\/div>\n\t\t\t\t\t<\/div>\n\t\t\t\t<\/div>\n\t\t<div class=\"elementor-element elementor-element-abbe3b3 e-flex e-con-boxed e-con e-parent\" data-id=\"abbe3b3\" data-element_type=\"container\">\n\t\t\t\t\t<div class=\"e-con-inner\">\n\t\t<div class=\"elementor-element elementor-element-b94f065 e-con-full e-flex e-con e-child\" data-id=\"b94f065\" data-element_type=\"container\">\n\t\t\t\t<div class=\"elementor-element elementor-element-e04e50b elementor-widget elementor-widget-image\" data-id=\"e04e50b\" data-element_type=\"widget\" data-widget_type=\"image.default\">\n\t\t\t\t<div class=\"elementor-widget-container\">\n\t\t\t\t\t\t\t\t\t\t\t\t\t\t\t\t<a href=\"https:\/\/www.epolog.com\/?page_id=186\">\n\t\t\t\t\t\t\t<img fetchpriority=\"high\" decoding=\"async\" width=\"1024\" height=\"683\" src=\"https:\/\/www.epolog.com\/wp-content\/uploads\/2024\/08\/6-1024x683.jpg\" class=\"attachment-large size-large wp-image-301\" alt=\"\" srcset=\"https:\/\/www.epolog.com\/wp-content\/uploads\/2024\/08\/6-1024x683.jpg 1024w, https:\/\/www.epolog.com\/wp-content\/uploads\/2024\/08\/6-300x200.jpg 300w, https:\/\/www.epolog.com\/wp-content\/uploads\/2024\/08\/6-768x512.jpg 768w, https:\/\/www.epolog.com\/wp-content\/uploads\/2024\/08\/6.jpg 1500w\" sizes=\"(max-width: 1024px) 100vw, 1024px\" \/>\t\t\t\t\t\t\t\t<\/a>\n\t\t\t\t\t\t\t\t\t\t\t\t\t\t\t<\/div>\n\t\t\t\t<\/div>\n\t\t\t\t<div class=\"elementor-element elementor-element-3b3883b elementor-widget elementor-widget-heading\" data-id=\"3b3883b\" data-element_type=\"widget\" data-widget_type=\"heading.default\">\n\t\t\t\t<div class=\"elementor-widget-container\">\n\t\t\t\t\t<h2 class=\"elementor-heading-title elementor-size-default\"><a href=\"https:\/\/www.epolog.com\/?page_id=186\">Verpackung<\/a><\/h2>\t\t\t\t<\/div>\n\t\t\t\t<\/div>\n\t\t\t\t<\/div>\n\t\t<div class=\"elementor-element elementor-element-fd8c7af e-con-full e-flex e-con e-child\" data-id=\"fd8c7af\" data-element_type=\"container\">\n\t\t\t\t<div class=\"elementor-element elementor-element-e0d13c1 elementor-widget elementor-widget-image\" data-id=\"e0d13c1\" data-element_type=\"widget\" data-widget_type=\"image.default\">\n\t\t\t\t<div class=\"elementor-widget-container\">\n\t\t\t\t\t\t\t\t\t\t\t\t\t\t\t\t<a href=\"https:\/\/www.epolog.com\/?page_id=315\">\n\t\t\t\t\t\t\t<img decoding=\"async\" width=\"1024\" height=\"683\" src=\"https:\/\/www.epolog.com\/wp-content\/uploads\/2024\/08\/8-1024x683.jpg\" class=\"attachment-large size-large wp-image-302\" alt=\"\" srcset=\"https:\/\/www.epolog.com\/wp-content\/uploads\/2024\/08\/8-1024x683.jpg 1024w, https:\/\/www.epolog.com\/wp-content\/uploads\/2024\/08\/8-300x200.jpg 300w, https:\/\/www.epolog.com\/wp-content\/uploads\/2024\/08\/8-768x512.jpg 768w, https:\/\/www.epolog.com\/wp-content\/uploads\/2024\/08\/8.jpg 1500w\" sizes=\"(max-width: 1024px) 100vw, 1024px\" \/>\t\t\t\t\t\t\t\t<\/a>\n\t\t\t\t\t\t\t\t\t\t\t\t\t\t\t<\/div>\n\t\t\t\t<\/div>\n\t\t\t\t<div class=\"elementor-element elementor-element-65c72d1 elementor-widget elementor-widget-heading\" data-id=\"65c72d1\" data-element_type=\"widget\" data-widget_type=\"heading.default\">\n\t\t\t\t<div class=\"elementor-widget-container\">\n\t\t\t\t\t<h2 class=\"elementor-heading-title elementor-size-default\"><a href=\"https:\/\/www.epolog.com\/?page_id=315\">Spedition<\/a><\/h2>\t\t\t\t<\/div>\n\t\t\t\t<\/div>\n\t\t\t\t<\/div>\n\t\t<div class=\"elementor-element elementor-element-a99142d e-con-full e-flex e-con e-child\" data-id=\"a99142d\" data-element_type=\"container\">\n\t\t\t\t<div class=\"elementor-element elementor-element-db7c579 elementor-widget elementor-widget-image\" data-id=\"db7c579\" data-element_type=\"widget\" data-widget_type=\"image.default\">\n\t\t\t\t<div class=\"elementor-widget-container\">\n\t\t\t\t\t\t\t\t\t\t\t\t\t\t\t\t<a href=\"https:\/\/www.epolog.com\/?page_id=326\">\n\t\t\t\t\t\t\t<img loading=\"lazy\" decoding=\"async\" width=\"1024\" height=\"683\" src=\"https:\/\/www.epolog.com\/wp-content\/uploads\/2024\/08\/Website-bilder16-1024x683.jpg\" class=\"attachment-large size-large wp-image-311\" alt=\"\" srcset=\"https:\/\/www.epolog.com\/wp-content\/uploads\/2024\/08\/Website-bilder16-1024x683.jpg 1024w, https:\/\/www.epolog.com\/wp-content\/uploads\/2024\/08\/Website-bilder16-300x200.jpg 300w, https:\/\/www.epolog.com\/wp-content\/uploads\/2024\/08\/Website-bilder16-768x512.jpg 768w, https:\/\/www.epolog.com\/wp-content\/uploads\/2024\/08\/Website-bilder16.jpg 1500w\" sizes=\"(max-width: 1024px) 100vw, 1024px\" \/>\t\t\t\t\t\t\t\t<\/a>\n\t\t\t\t\t\t\t\t\t\t\t\t\t\t\t<\/div>\n\t\t\t\t<\/div>\n\t\t\t\t<div class=\"elementor-element elementor-element-ba41487 elementor-widget elementor-widget-heading\" data-id=\"ba41487\" data-element_type=\"widget\" data-widget_type=\"heading.default\">\n\t\t\t\t<div class=\"elementor-widget-container\">\n\t\t\t\t\t<h2 class=\"elementor-heading-title elementor-size-default\"><a href=\"https:\/\/www.epolog.com\/?page_id=326\">Packmittel<\/a><\/h2>\t\t\t\t<\/div>\n\t\t\t\t<\/div>\n\t\t\t\t<\/div>\n\t\t<div class=\"elementor-element elementor-element-0d27ddb e-con-full e-flex e-con e-child\" data-id=\"0d27ddb\" data-element_type=\"container\">\n\t\t\t\t<div class=\"elementor-element elementor-element-1caccdb elementor-widget elementor-widget-image\" data-id=\"1caccdb\" data-element_type=\"widget\" data-widget_type=\"image.default\">\n\t\t\t\t<div class=\"elementor-widget-container\">\n\t\t\t\t\t\t\t\t\t\t\t\t\t\t\t\t<a href=\"https:\/\/www.epolog.com\/?page_id=267\">\n\t\t\t\t\t\t\t<img loading=\"lazy\" decoding=\"async\" width=\"1024\" height=\"683\" src=\"https:\/\/www.epolog.com\/wp-content\/uploads\/2024\/08\/Website-bilder15-1024x683.jpg\" class=\"attachment-large size-large wp-image-298\" alt=\"\" srcset=\"https:\/\/www.epolog.com\/wp-content\/uploads\/2024\/08\/Website-bilder15-1024x683.jpg 1024w, https:\/\/www.epolog.com\/wp-content\/uploads\/2024\/08\/Website-bilder15-300x200.jpg 300w, https:\/\/www.epolog.com\/wp-content\/uploads\/2024\/08\/Website-bilder15-768x512.jpg 768w, https:\/\/www.epolog.com\/wp-content\/uploads\/2024\/08\/Website-bilder15.jpg 1500w\" sizes=\"(max-width: 1024px) 100vw, 1024px\" \/>\t\t\t\t\t\t\t\t<\/a>\n\t\t\t\t\t\t\t\t\t\t\t\t\t\t\t<\/div>\n\t\t\t\t<\/div>\n\t\t\t\t<div class=\"elementor-element elementor-element-25246a0 elementor-widget elementor-widget-heading\" data-id=\"25246a0\" data-element_type=\"widget\" data-widget_type=\"heading.default\">\n\t\t\t\t<div class=\"elementor-widget-container\">\n\t\t\t\t\t<h2 class=\"elementor-heading-title elementor-size-default\"><a href=\"https:\/\/www.epolog.com\/?page_id=267\">Containerstau<\/a><\/h2>\t\t\t\t<\/div>\n\t\t\t\t<\/div>\n\t\t\t\t<\/div>\n\t\t<div class=\"elementor-element elementor-element-e7f9c13 e-con-full e-flex e-con e-child\" data-id=\"e7f9c13\" data-element_type=\"container\">\n\t\t\t\t<div class=\"elementor-element elementor-element-cfe4049 elementor-widget elementor-widget-image\" data-id=\"cfe4049\" data-element_type=\"widget\" data-widget_type=\"image.default\">\n\t\t\t\t<div class=\"elementor-widget-container\">\n\t\t\t\t\t\t\t\t\t\t\t\t\t\t\t\t<a href=\"https:\/\/www.epolog.com\/?page_id=337\">\n\t\t\t\t\t\t\t<img loading=\"lazy\" decoding=\"async\" width=\"1024\" height=\"683\" src=\"https:\/\/www.epolog.com\/wp-content\/uploads\/2024\/08\/10-1024x683.jpg\" class=\"attachment-large size-large wp-image-300\" alt=\"\" srcset=\"https:\/\/www.epolog.com\/wp-content\/uploads\/2024\/08\/10-1024x683.jpg 1024w, https:\/\/www.epolog.com\/wp-content\/uploads\/2024\/08\/10-300x200.jpg 300w, https:\/\/www.epolog.com\/wp-content\/uploads\/2024\/08\/10-768x512.jpg 768w, https:\/\/www.epolog.com\/wp-content\/uploads\/2024\/08\/10.jpg 1500w\" sizes=\"(max-width: 1024px) 100vw, 1024px\" \/>\t\t\t\t\t\t\t\t<\/a>\n\t\t\t\t\t\t\t\t\t\t\t\t\t\t\t<\/div>\n\t\t\t\t<\/div>\n\t\t\t\t<div class=\"elementor-element elementor-element-7056fe9 elementor-widget elementor-widget-heading\" data-id=\"7056fe9\" data-element_type=\"widget\" data-widget_type=\"heading.default\">\n\t\t\t\t<div class=\"elementor-widget-container\">\n\t\t\t\t\t<h2 class=\"elementor-heading-title elementor-size-default\"><a href=\"https:\/\/www.epolog.com\/?page_id=337\">Lagerhaltung<\/a><\/h2>\t\t\t\t<\/div>\n\t\t\t\t<\/div>\n\t\t\t\t<\/div>\n\t\t\t\t\t<\/div>\n\t\t\t\t<\/div>\n\t\t\t\t<\/div>\n\t\t","protected":false},"excerpt":{"rendered":"<p>Allgemeine Gesch\u00e4ftsbedingungen (AGB) Jetzt Kontakt aufnehmen! Allgemeine Gesch\u00e4ftsbedingungen (AGB) Unsere allgemeinen Gesch\u00e4ftsbedingungen k\u00f6nnen Sie als PDF-Dokument herunterladen. Sie ben\u00f6tigen zur Darstellung die kostenlose Software Acrobat Reader. Falls dieser noch nicht auf Ihrem System installiert ist, k\u00f6nnen Sie den Acrobat Reader hier kostenlos herunterladen. Allgemeine Gesch\u00e4ftsbedingungen EPOLOG Allgemeine Deutsche Spediteursbedingungen (ADSp) 2017 EPOLOG Jetzt Kontakt aufnehmen! [&hellip;]<\/p>\n","protected":false},"author":2,"featured_media":0,"parent":0,"menu_order":0,"comment_status":"closed","ping_status":"closed","template":"","meta":{"_monsterinsights_skip_tracking":false,"_monsterinsights_sitenote_active":false,"_monsterinsights_sitenote_note":"","_monsterinsights_sitenote_category":0,"ocean_post_layout":"full-screen","ocean_both_sidebars_style":"","ocean_both_sidebars_content_width":0,"ocean_both_sidebars_sidebars_width":0,"ocean_sidebar":"","ocean_second_sidebar":"","ocean_disable_margins":"enable","ocean_add_body_class":"","ocean_shortcode_before_top_bar":"","ocean_shortcode_after_top_bar":"","ocean_shortcode_before_header":"","ocean_shortcode_after_header":"","ocean_has_shortcode":"","ocean_shortcode_after_title":"","ocean_shortcode_before_footer_widgets":"","ocean_shortcode_after_footer_widgets":"","ocean_shortcode_before_footer_bottom":"","ocean_shortcode_after_footer_bottom":"","ocean_display_top_bar":"off","ocean_display_header":"default","ocean_header_style":"","ocean_center_header_left_menu":"","ocean_custom_header_template":"","ocean_custom_logo":0,"ocean_custom_retina_logo":0,"ocean_custom_logo_max_width":0,"ocean_custom_logo_tablet_max_width":0,"ocean_custom_logo_mobile_max_width":0,"ocean_custom_logo_max_height":0,"ocean_custom_logo_tablet_max_height":0,"ocean_custom_logo_mobile_max_height":0,"ocean_header_custom_menu":"","ocean_menu_typo_font_family":"","ocean_menu_typo_font_subset":"","ocean_menu_typo_font_size":0,"ocean_menu_typo_font_size_tablet":0,"ocean_menu_typo_font_size_mobile":0,"ocean_menu_typo_font_size_unit":"px","ocean_menu_typo_font_weight":"","ocean_menu_typo_font_weight_tablet":"","ocean_menu_typo_font_weight_mobile":"","ocean_menu_typo_transform":"","ocean_menu_typo_transform_tablet":"","ocean_menu_typo_transform_mobile":"","ocean_menu_typo_line_height":0,"ocean_menu_typo_line_height_tablet":0,"ocean_menu_typo_line_height_mobile":0,"ocean_menu_typo_line_height_unit":"","ocean_menu_typo_spacing":0,"ocean_menu_typo_spacing_tablet":0,"ocean_menu_typo_spacing_mobile":0,"ocean_menu_typo_spacing_unit":"","ocean_menu_link_color":"","ocean_menu_link_color_hover":"","ocean_menu_link_color_active":"","ocean_menu_link_background":"","ocean_menu_link_hover_background":"","ocean_menu_link_active_background":"","ocean_menu_social_links_bg":"","ocean_menu_social_hover_links_bg":"","ocean_menu_social_links_color":"","ocean_menu_social_hover_links_color":"","ocean_disable_title":"on","ocean_disable_heading":"default","ocean_post_title":"","ocean_post_subheading":"","ocean_post_title_style":"","ocean_post_title_background_color":"","ocean_post_title_background":0,"ocean_post_title_bg_image_position":"","ocean_post_title_bg_image_attachment":"","ocean_post_title_bg_image_repeat":"","ocean_post_title_bg_image_size":"","ocean_post_title_height":0,"ocean_post_title_bg_overlay":0.5,"ocean_post_title_bg_overlay_color":"","ocean_disable_breadcrumbs":"default","ocean_breadcrumbs_color":"","ocean_breadcrumbs_separator_color":"","ocean_breadcrumbs_links_color":"","ocean_breadcrumbs_links_hover_color":"","ocean_display_footer_widgets":"off","ocean_display_footer_bottom":"default","ocean_custom_footer_template":"","footnotes":""},"class_list":["post-590","page","type-page","status-publish","hentry","entry"],"_links":{"self":[{"href":"https:\/\/www.epolog.com\/index.php?rest_route=\/wp\/v2\/pages\/590","targetHints":{"allow":["GET"]}}],"collection":[{"href":"https:\/\/www.epolog.com\/index.php?rest_route=\/wp\/v2\/pages"}],"about":[{"href":"https:\/\/www.epolog.com\/index.php?rest_route=\/wp\/v2\/types\/page"}],"author":[{"embeddable":true,"href":"https:\/\/www.epolog.com\/index.php?rest_route=\/wp\/v2\/users\/2"}],"replies":[{"embeddable":true,"href":"https:\/\/www.epolog.com\/index.php?rest_route=%2Fwp%2Fv2%2Fcomments&post=590"}],"version-history":[{"count":14,"href":"https:\/\/www.epolog.com\/index.php?rest_route=\/wp\/v2\/pages\/590\/revisions"}],"predecessor-version":[{"id":1246,"href":"https:\/\/www.epolog.com\/index.php?rest_route=\/wp\/v2\/pages\/590\/revisions\/1246"}],"wp:attachment":[{"href":"https:\/\/www.epolog.com\/index.php?rest_route=%2Fwp%2Fv2%2Fmedia&parent=590"}],"curies":[{"name":"wp","href":"https:\/\/api.w.org\/{rel}","templated":true}]}}