{"id":573,"date":"2024-08-22T16:01:22","date_gmt":"2024-08-22T14:01:22","guid":{"rendered":"https:\/\/www.epolog.com\/?page_id=573"},"modified":"2025-03-07T10:12:10","modified_gmt":"2025-03-07T09:12:10","slug":"kopie-von-geschichte","status":"publish","type":"page","link":"https:\/\/www.epolog.com\/?page_id=573","title":{"rendered":"Impressum"},"content":{"rendered":"\t\t<div data-elementor-type=\"wp-page\" data-elementor-id=\"573\" class=\"elementor elementor-573\">\n\t\t\t\t<div class=\"elementor-element elementor-element-4790ecb e-flex e-con-boxed e-con e-parent\" data-id=\"4790ecb\" data-element_type=\"container\" data-settings=\"{&quot;background_background&quot;:&quot;classic&quot;}\">\n\t\t\t\t\t<div class=\"e-con-inner\">\n\t\t\t\t<div class=\"elementor-element elementor-element-c075eeb elementor-widget elementor-widget-heading\" data-id=\"c075eeb\" data-element_type=\"widget\" data-widget_type=\"heading.default\">\n\t\t\t\t<div class=\"elementor-widget-container\">\n\t\t\t\t\t<h2 class=\"elementor-heading-title elementor-size-default\">Impressum<\/h2>\t\t\t\t<\/div>\n\t\t\t\t<\/div>\n\t\t\t\t<div class=\"elementor-element elementor-element-ba0656b elementor-widget elementor-widget-button\" data-id=\"ba0656b\" data-element_type=\"widget\" data-widget_type=\"button.default\">\n\t\t\t\t<div class=\"elementor-widget-container\">\n\t\t\t\t\t\t\t\t\t<div class=\"elementor-button-wrapper\">\n\t\t\t\t\t<a class=\"elementor-button elementor-button-link elementor-size-sm\" href=\"https:\/\/www.epolog.com\/?page_id=16\">\n\t\t\t\t\t\t<span class=\"elementor-button-content-wrapper\">\n\t\t\t\t\t\t\t\t\t<span class=\"elementor-button-text\">Jetzt Kontakt aufnehmen!<\/span>\n\t\t\t\t\t<\/span>\n\t\t\t\t\t<\/a>\n\t\t\t\t<\/div>\n\t\t\t\t\t\t\t\t<\/div>\n\t\t\t\t<\/div>\n\t\t\t\t\t<\/div>\n\t\t\t\t<\/div>\n\t\t<div class=\"elementor-element elementor-element-bbe1985 e-flex e-con-boxed e-con e-parent\" data-id=\"bbe1985\" data-element_type=\"container\">\n\t\t\t\t\t<div class=\"e-con-inner\">\n\t\t<div class=\"elementor-element elementor-element-919f33b e-con-full e-flex e-con e-child\" data-id=\"919f33b\" data-element_type=\"container\">\n\t\t\t\t<div class=\"elementor-element elementor-element-94804fa elementor-widget elementor-widget-heading\" data-id=\"94804fa\" data-element_type=\"widget\" data-widget_type=\"heading.default\">\n\t\t\t\t<div class=\"elementor-widget-container\">\n\t\t\t\t\t<h1 class=\"elementor-heading-title elementor-size-default\">Impressum<\/h1>\t\t\t\t<\/div>\n\t\t\t\t<\/div>\n\t\t\t\t<div class=\"elementor-element elementor-element-9e077de elementor-widget elementor-widget-text-editor\" data-id=\"9e077de\" data-element_type=\"widget\" data-widget_type=\"text-editor.default\">\n\t\t\t\t<div class=\"elementor-widget-container\">\n\t\t\t\t\t\t\t\t\t<p><strong>Inhaltlich Verantwortlicher gem\u00e4\u00df \u00a7 18 Abs. 2 MStV:<\/strong><\/p><p>EPOLOG Exportverpackung und Logistik GmbH<br \/>Siemensstra\u00dfe 5<br \/>D-63526 Erlensee<\/p><p>Tel:\u00a0 (0 61 83) 899 40-0<br \/>Fax: (0 61 83) 899 40-20<br \/>Mail: <a href=\"mailto:info@epolog.de\">info@epolog.com<\/a><\/p><p>Sitz der Gesellschaft: Erlensee<br \/>Amtsgericht Hanau HRB 91969<br \/>Gesch\u00e4ftsf\u00fchrer: Stephan Wiegers, Michael Groth<br \/>USt. Ident-Nr. DE 223 638 320<\/p><p><strong>Verantwortlich f\u00fcr den Inhalt nach \u00a7 55 Abs. 2 RStV:<\/strong><br \/>Stephan Wiegers (Anschrift siehe oben)<\/p>\t\t\t\t\t\t\t\t<\/div>\n\t\t\t\t<\/div>\n\t\t\t\t<\/div>\n\t\t\t\t\t<\/div>\n\t\t\t\t<\/div>\n\t\t<div class=\"elementor-element elementor-element-bffce95 e-flex e-con-boxed e-con e-parent\" data-id=\"bffce95\" data-element_type=\"container\">\n\t\t\t\t\t<div class=\"e-con-inner\">\n\t\t<div class=\"elementor-element elementor-element-cf224b4 e-con-full e-flex e-con e-child\" data-id=\"cf224b4\" data-element_type=\"container\">\n\t\t\t\t<div class=\"elementor-element elementor-element-a3939f1 elementor-widget elementor-widget-heading\" data-id=\"a3939f1\" data-element_type=\"widget\" data-widget_type=\"heading.default\">\n\t\t\t\t<div class=\"elementor-widget-container\">\n\t\t\t\t\t<h2 class=\"elementor-heading-title elementor-size-default\">Design und Grafik<\/h2>\t\t\t\t<\/div>\n\t\t\t\t<\/div>\n\t\t\t\t<div class=\"elementor-element elementor-element-375751a elementor-widget elementor-widget-text-editor\" data-id=\"375751a\" data-element_type=\"widget\" data-widget_type=\"text-editor.default\">\n\t\t\t\t<div class=\"elementor-widget-container\">\n\t\t\t\t\t\t\t\t\t<p>Ann-Christin Wiegers<\/p><p>Siemensstra\u00dfe 5<\/p><p>63526 Erlensee<br \/>Tel. +4961838994019<\/p>\t\t\t\t\t\t\t\t<\/div>\n\t\t\t\t<\/div>\n\t\t\t\t<\/div>\n\t\t\t\t\t<\/div>\n\t\t\t\t<\/div>\n\t\t<div class=\"elementor-element elementor-element-f077175 e-flex e-con-boxed e-con e-parent\" data-id=\"f077175\" data-element_type=\"container\">\n\t\t\t\t\t<div class=\"e-con-inner\">\n\t\t<div class=\"elementor-element elementor-element-8f769ee e-con-full e-flex e-con e-child\" data-id=\"8f769ee\" data-element_type=\"container\">\n\t\t\t\t<div class=\"elementor-element elementor-element-ea9df52 elementor-widget elementor-widget-heading\" data-id=\"ea9df52\" data-element_type=\"widget\" data-widget_type=\"heading.default\">\n\t\t\t\t<div class=\"elementor-widget-container\">\n\t\t\t\t\t<h2 class=\"elementor-heading-title elementor-size-default\">Programmierung, CMS und Hosting<\/h2>\t\t\t\t<\/div>\n\t\t\t\t<\/div>\n\t\t\t\t<div class=\"elementor-element elementor-element-b46d8b5 elementor-widget elementor-widget-text-editor\" data-id=\"b46d8b5\" data-element_type=\"widget\" data-widget_type=\"text-editor.default\">\n\t\t\t\t<div class=\"elementor-widget-container\">\n\t\t\t\t\t\t\t\t\t<p>mirumedia IT-Dienstleistungen<br \/>Inh. Michael Rudolph<br \/>Heeneser Weg 1<br \/>36251 Ludwigsau<br \/>Tel. +49 6621 799790<br \/>Fax +49 6621 799789<br \/><a href=\"http:\/\/www.mirumedia.de\">www.mirumedia.de<\/a><\/p>\t\t\t\t\t\t\t\t<\/div>\n\t\t\t\t<\/div>\n\t\t\t\t<\/div>\n\t\t\t\t\t<\/div>\n\t\t\t\t<\/div>\n\t\t<div class=\"elementor-element elementor-element-3d50824 e-flex e-con-boxed e-con e-parent\" data-id=\"3d50824\" data-element_type=\"container\">\n\t\t\t\t\t<div class=\"e-con-inner\">\n\t\t<div class=\"elementor-element elementor-element-4d4d051 e-con-full e-flex e-con e-child\" data-id=\"4d4d051\" data-element_type=\"container\">\n\t\t\t\t<div class=\"elementor-element elementor-element-29bda80 elementor-widget elementor-widget-heading\" data-id=\"29bda80\" data-element_type=\"widget\" data-widget_type=\"heading.default\">\n\t\t\t\t<div class=\"elementor-widget-container\">\n\t\t\t\t\t<h2 class=\"elementor-heading-title elementor-size-default\">Bilder<\/h2>\t\t\t\t<\/div>\n\t\t\t\t<\/div>\n\t\t\t\t<div class=\"elementor-element elementor-element-64c69db elementor-widget elementor-widget-text-editor\" data-id=\"64c69db\" data-element_type=\"widget\" data-widget_type=\"text-editor.default\">\n\t\t\t\t<div class=\"elementor-widget-container\">\n\t\t\t\t\t\t\t\t\t<p>Christoph Ernst<\/p><p>Wigbertstr. 7<\/p><p>36251 Bad Hersfeld<\/p><p>www.christophernst.de<\/p>\t\t\t\t\t\t\t\t<\/div>\n\t\t\t\t<\/div>\n\t\t\t\t<\/div>\n\t\t\t\t\t<\/div>\n\t\t\t\t<\/div>\n\t\t<div class=\"elementor-element elementor-element-b4bfd4b e-flex e-con-boxed e-con e-parent\" data-id=\"b4bfd4b\" data-element_type=\"container\">\n\t\t\t\t\t<div class=\"e-con-inner\">\n\t\t<div class=\"elementor-element elementor-element-31d4723 e-con-full e-flex e-con e-child\" data-id=\"31d4723\" data-element_type=\"container\">\n\t\t\t\t<div class=\"elementor-element elementor-element-db6b962 elementor-widget elementor-widget-heading\" data-id=\"db6b962\" data-element_type=\"widget\" data-widget_type=\"heading.default\">\n\t\t\t\t<div class=\"elementor-widget-container\">\n\t\t\t\t\t<h2 class=\"elementor-heading-title elementor-size-default\">Haftungsausschluss<\/h2>\t\t\t\t<\/div>\n\t\t\t\t<\/div>\n\t\t\t\t<div class=\"elementor-element elementor-element-4386827 elementor-widget elementor-widget-text-editor\" data-id=\"4386827\" data-element_type=\"widget\" data-widget_type=\"text-editor.default\">\n\t\t\t\t<div class=\"elementor-widget-container\">\n\t\t\t\t\t\t\t\t\t<p>Der Autor \u00fcbernimmt keinerlei Gew\u00e4hr f\u00fcr die Aktualit\u00e4t, Korrektheit, Vollst\u00e4ndigkeit oder Qualit\u00e4t der bereitgestellten Informationen. Haftungsanspr\u00fcche gegen den Autor, die sich auf Sch\u00e4den materieller oder ideeller Art beziehen, welche durch die Nutzung oder Nichtnutzung der dargebotenen Informationen bzw. durch die Nutzung fehlerhafter und unvollst\u00e4ndiger Informationen verursacht wurden sind grunds\u00e4tzlich ausgeschlossen, sofern seitens des Autors kein nachweislich vors\u00e4tzliches oder grob fahrl\u00e4ssiges Verschulden vorliegt. Alle Angebote sind freibleibend und unverbindlich.<\/p><p>Sofern auf Verweisziele (&#8222;Links&#8220;) direkt oder indirekt verwiesen wird, die au\u00dferhalb des Verantwortungsbereiches des Autors liegen, haftet dieser nur dann, wenn er von den Inhalten Kenntnis hat und es ihm technisch m\u00f6glich und zumutbar w\u00e4re, die Nutzung im Falle rechtswidriger Inhalte zu verhindern. F\u00fcr dar\u00fcber hinausgehende Inhalte und insbesondere f\u00fcr Sch\u00e4den, die aus der Nutzung oder Nichtnutzung solcherart dargebotener Informationen entstehen, haftet allein der Anbieter der Seite, auf welche verwiesen wurde, nicht derjenige, der \u00fcber Links auf die jeweilige Ver\u00f6ffentlichung lediglich verweist.<\/p><p>Der Autor ist bestrebt, in allen Publikationen die Urheberrechte der verwendeten Grafiken, Tondokumente, Videosequenzen und Texte zu beachten, von ihm selbst erstellte Grafiken, Tondokumente, Videosequenzen und Texte zu nutzen oder auf lizenzfreie Grafiken, Tondokumente, Videosequenzen und Texte zur\u00fcckzugreifen.<\/p><p>Sofern auf Verweisziele (&#8222;Links&#8220;) direkt oder indirekt verwiesen wird, die au\u00dferhalb des Verantwortungsbereiches des Autors liegen, haftet dieser nur dann, wenn er von den Inhalten Kenntnis hat und es ihm technisch m\u00f6glich und zumutbar w\u00e4re, die Nutzung im Falle rechtswidriger Inhalte zu verhindern. F\u00fcr dar\u00fcber hinausgehende Inhalte und insbesondere f\u00fcr Sch\u00e4den, die aus der Nutzung oder Nichtnutzung solcherart dargebotener Informationen entstehen, haftet allein der Anbieter der Seite, auf welche verwiesen wurde, nicht derjenige, der \u00fcber Links auf die jeweilige Ver\u00f6ffentlichung lediglich verweist.<\/p><p>Der Autor ist bestrebt, in allen Publikationen die Urheberrechte der verwendeten Grafiken, Tondokumente, Videosequenzen und Texte zu beachten, von ihm selbst erstellte Grafiken, Tondokumente, Videosequenzen und Texte zu nutzen oder auf lizenzfreie Grafiken, Tondokumente, Videosequenzen und Texte zur\u00fcckzugreifen.<\/p><p>Wir nehmen nicht an einem Streitbeilegungsverfahren von einer Verbraucherschlichtungsstelle teil.<\/p>\t\t\t\t\t\t\t\t<\/div>\n\t\t\t\t<\/div>\n\t\t\t\t<\/div>\n\t\t\t\t\t<\/div>\n\t\t\t\t<\/div>\n\t\t<div class=\"elementor-element elementor-element-66c4c15 e-flex e-con-boxed e-con e-parent\" data-id=\"66c4c15\" data-element_type=\"container\">\n\t\t\t\t\t<div class=\"e-con-inner\">\n\t\t\t\t<div class=\"elementor-element elementor-element-754c16e elementor-widget elementor-widget-button\" data-id=\"754c16e\" data-element_type=\"widget\" data-widget_type=\"button.default\">\n\t\t\t\t<div class=\"elementor-widget-container\">\n\t\t\t\t\t\t\t\t\t<div class=\"elementor-button-wrapper\">\n\t\t\t\t\t<a class=\"elementor-button elementor-button-link elementor-size-sm\" href=\"https:\/\/www.epolog.com\/?page_id=16\">\n\t\t\t\t\t\t<span class=\"elementor-button-content-wrapper\">\n\t\t\t\t\t\t\t\t\t<span class=\"elementor-button-text\">Jetzt Kontakt aufnehmen!<\/span>\n\t\t\t\t\t<\/span>\n\t\t\t\t\t<\/a>\n\t\t\t\t<\/div>\n\t\t\t\t\t\t\t\t<\/div>\n\t\t\t\t<\/div>\n\t\t\t\t\t<\/div>\n\t\t\t\t<\/div>\n\t\t<div class=\"elementor-element elementor-element-52f1138 e-flex e-con-boxed e-con e-parent\" data-id=\"52f1138\" data-element_type=\"container\">\n\t\t\t\t\t<div class=\"e-con-inner\">\n\t\t\t\t<div class=\"elementor-element elementor-element-c29637e elementor-widget elementor-widget-heading\" data-id=\"c29637e\" data-element_type=\"widget\" data-widget_type=\"heading.default\">\n\t\t\t\t<div class=\"elementor-widget-container\">\n\t\t\t\t\t<h2 class=\"elementor-heading-title elementor-size-default\">Entdecken Sie jetzt unsere weiteren Leistungen!<\/h2>\t\t\t\t<\/div>\n\t\t\t\t<\/div>\n\t\t\t\t\t<\/div>\n\t\t\t\t<\/div>\n\t\t<div class=\"elementor-element elementor-element-5a0a97e e-flex e-con-boxed e-con e-parent\" data-id=\"5a0a97e\" data-element_type=\"container\">\n\t\t\t\t\t<div class=\"e-con-inner\">\n\t\t<div class=\"elementor-element elementor-element-ba59804 e-con-full e-flex e-con e-child\" data-id=\"ba59804\" data-element_type=\"container\">\n\t\t\t\t<div class=\"elementor-element elementor-element-74170fa elementor-widget elementor-widget-image\" data-id=\"74170fa\" data-element_type=\"widget\" data-widget_type=\"image.default\">\n\t\t\t\t<div class=\"elementor-widget-container\">\n\t\t\t\t\t\t\t\t\t\t\t\t\t\t\t\t<a href=\"https:\/\/www.epolog.com\/?page_id=186\">\n\t\t\t\t\t\t\t<img fetchpriority=\"high\" decoding=\"async\" width=\"1024\" height=\"683\" src=\"https:\/\/www.epolog.com\/wp-content\/uploads\/2024\/08\/6-1024x683.jpg\" class=\"attachment-large size-large wp-image-301\" alt=\"\" srcset=\"https:\/\/www.epolog.com\/wp-content\/uploads\/2024\/08\/6-1024x683.jpg 1024w, https:\/\/www.epolog.com\/wp-content\/uploads\/2024\/08\/6-300x200.jpg 300w, https:\/\/www.epolog.com\/wp-content\/uploads\/2024\/08\/6-768x512.jpg 768w, https:\/\/www.epolog.com\/wp-content\/uploads\/2024\/08\/6.jpg 1500w\" sizes=\"(max-width: 1024px) 100vw, 1024px\" \/>\t\t\t\t\t\t\t\t<\/a>\n\t\t\t\t\t\t\t\t\t\t\t\t\t\t\t<\/div>\n\t\t\t\t<\/div>\n\t\t\t\t<div class=\"elementor-element elementor-element-9a440c4 elementor-widget elementor-widget-heading\" data-id=\"9a440c4\" data-element_type=\"widget\" data-widget_type=\"heading.default\">\n\t\t\t\t<div class=\"elementor-widget-container\">\n\t\t\t\t\t<h2 class=\"elementor-heading-title elementor-size-default\"><a href=\"https:\/\/www.epolog.com\/?page_id=186\">Verpackung<\/a><\/h2>\t\t\t\t<\/div>\n\t\t\t\t<\/div>\n\t\t\t\t<\/div>\n\t\t<div class=\"elementor-element elementor-element-fa2d266 e-con-full e-flex e-con e-child\" data-id=\"fa2d266\" data-element_type=\"container\">\n\t\t\t\t<div class=\"elementor-element elementor-element-43d70e8 elementor-widget elementor-widget-image\" data-id=\"43d70e8\" data-element_type=\"widget\" data-widget_type=\"image.default\">\n\t\t\t\t<div class=\"elementor-widget-container\">\n\t\t\t\t\t\t\t\t\t\t\t\t\t\t\t\t<a href=\"https:\/\/www.epolog.com\/?page_id=315\">\n\t\t\t\t\t\t\t<img decoding=\"async\" width=\"1024\" height=\"683\" src=\"https:\/\/www.epolog.com\/wp-content\/uploads\/2024\/08\/8-1024x683.jpg\" class=\"attachment-large size-large wp-image-302\" alt=\"\" srcset=\"https:\/\/www.epolog.com\/wp-content\/uploads\/2024\/08\/8-1024x683.jpg 1024w, https:\/\/www.epolog.com\/wp-content\/uploads\/2024\/08\/8-300x200.jpg 300w, https:\/\/www.epolog.com\/wp-content\/uploads\/2024\/08\/8-768x512.jpg 768w, https:\/\/www.epolog.com\/wp-content\/uploads\/2024\/08\/8.jpg 1500w\" sizes=\"(max-width: 1024px) 100vw, 1024px\" \/>\t\t\t\t\t\t\t\t<\/a>\n\t\t\t\t\t\t\t\t\t\t\t\t\t\t\t<\/div>\n\t\t\t\t<\/div>\n\t\t\t\t<div class=\"elementor-element elementor-element-95f7a96 elementor-widget elementor-widget-heading\" data-id=\"95f7a96\" data-element_type=\"widget\" data-widget_type=\"heading.default\">\n\t\t\t\t<div class=\"elementor-widget-container\">\n\t\t\t\t\t<h2 class=\"elementor-heading-title elementor-size-default\"><a href=\"https:\/\/www.epolog.com\/?page_id=315\">Spedition<\/a><\/h2>\t\t\t\t<\/div>\n\t\t\t\t<\/div>\n\t\t\t\t<\/div>\n\t\t<div class=\"elementor-element elementor-element-1955e61 e-con-full e-flex e-con e-child\" data-id=\"1955e61\" data-element_type=\"container\">\n\t\t\t\t<div class=\"elementor-element elementor-element-d499959 elementor-widget elementor-widget-image\" data-id=\"d499959\" data-element_type=\"widget\" data-widget_type=\"image.default\">\n\t\t\t\t<div class=\"elementor-widget-container\">\n\t\t\t\t\t\t\t\t\t\t\t\t\t\t\t\t<a href=\"https:\/\/www.epolog.com\/?page_id=326\">\n\t\t\t\t\t\t\t<img decoding=\"async\" width=\"1024\" height=\"683\" src=\"https:\/\/www.epolog.com\/wp-content\/uploads\/2024\/08\/Website-bilder16-1024x683.jpg\" class=\"attachment-large size-large wp-image-311\" alt=\"\" srcset=\"https:\/\/www.epolog.com\/wp-content\/uploads\/2024\/08\/Website-bilder16-1024x683.jpg 1024w, https:\/\/www.epolog.com\/wp-content\/uploads\/2024\/08\/Website-bilder16-300x200.jpg 300w, https:\/\/www.epolog.com\/wp-content\/uploads\/2024\/08\/Website-bilder16-768x512.jpg 768w, https:\/\/www.epolog.com\/wp-content\/uploads\/2024\/08\/Website-bilder16.jpg 1500w\" sizes=\"(max-width: 1024px) 100vw, 1024px\" \/>\t\t\t\t\t\t\t\t<\/a>\n\t\t\t\t\t\t\t\t\t\t\t\t\t\t\t<\/div>\n\t\t\t\t<\/div>\n\t\t\t\t<div class=\"elementor-element elementor-element-042e570 elementor-widget elementor-widget-heading\" data-id=\"042e570\" data-element_type=\"widget\" data-widget_type=\"heading.default\">\n\t\t\t\t<div class=\"elementor-widget-container\">\n\t\t\t\t\t<h2 class=\"elementor-heading-title elementor-size-default\"><a href=\"https:\/\/www.epolog.com\/?page_id=326\">Packmittel<\/a><\/h2>\t\t\t\t<\/div>\n\t\t\t\t<\/div>\n\t\t\t\t<\/div>\n\t\t<div class=\"elementor-element elementor-element-5cb8050 e-con-full e-flex e-con e-child\" data-id=\"5cb8050\" data-element_type=\"container\">\n\t\t\t\t<div class=\"elementor-element elementor-element-0f0eed5 elementor-widget elementor-widget-image\" data-id=\"0f0eed5\" data-element_type=\"widget\" data-widget_type=\"image.default\">\n\t\t\t\t<div class=\"elementor-widget-container\">\n\t\t\t\t\t\t\t\t\t\t\t\t\t\t\t\t<a href=\"https:\/\/www.epolog.com\/?page_id=267\">\n\t\t\t\t\t\t\t<img loading=\"lazy\" decoding=\"async\" width=\"1024\" height=\"683\" src=\"https:\/\/www.epolog.com\/wp-content\/uploads\/2024\/08\/Website-bilder15-1024x683.jpg\" class=\"attachment-large size-large wp-image-298\" alt=\"\" srcset=\"https:\/\/www.epolog.com\/wp-content\/uploads\/2024\/08\/Website-bilder15-1024x683.jpg 1024w, https:\/\/www.epolog.com\/wp-content\/uploads\/2024\/08\/Website-bilder15-300x200.jpg 300w, https:\/\/www.epolog.com\/wp-content\/uploads\/2024\/08\/Website-bilder15-768x512.jpg 768w, https:\/\/www.epolog.com\/wp-content\/uploads\/2024\/08\/Website-bilder15.jpg 1500w\" sizes=\"(max-width: 1024px) 100vw, 1024px\" \/>\t\t\t\t\t\t\t\t<\/a>\n\t\t\t\t\t\t\t\t\t\t\t\t\t\t\t<\/div>\n\t\t\t\t<\/div>\n\t\t\t\t<div class=\"elementor-element elementor-element-0602c08 elementor-widget elementor-widget-heading\" data-id=\"0602c08\" data-element_type=\"widget\" data-widget_type=\"heading.default\">\n\t\t\t\t<div class=\"elementor-widget-container\">\n\t\t\t\t\t<h2 class=\"elementor-heading-title elementor-size-default\"><a href=\"https:\/\/www.epolog.com\/?page_id=267\">Containerstau<\/a><\/h2>\t\t\t\t<\/div>\n\t\t\t\t<\/div>\n\t\t\t\t<\/div>\n\t\t<div class=\"elementor-element elementor-element-41523f1 e-con-full e-flex e-con e-child\" data-id=\"41523f1\" data-element_type=\"container\">\n\t\t\t\t<div class=\"elementor-element elementor-element-7ced8a6 elementor-widget elementor-widget-image\" data-id=\"7ced8a6\" data-element_type=\"widget\" data-widget_type=\"image.default\">\n\t\t\t\t<div class=\"elementor-widget-container\">\n\t\t\t\t\t\t\t\t\t\t\t\t\t\t\t\t<a href=\"https:\/\/www.epolog.com\/?page_id=337\">\n\t\t\t\t\t\t\t<img loading=\"lazy\" decoding=\"async\" width=\"1024\" height=\"683\" src=\"https:\/\/www.epolog.com\/wp-content\/uploads\/2024\/08\/10-1024x683.jpg\" class=\"attachment-large size-large wp-image-300\" alt=\"\" srcset=\"https:\/\/www.epolog.com\/wp-content\/uploads\/2024\/08\/10-1024x683.jpg 1024w, https:\/\/www.epolog.com\/wp-content\/uploads\/2024\/08\/10-300x200.jpg 300w, https:\/\/www.epolog.com\/wp-content\/uploads\/2024\/08\/10-768x512.jpg 768w, https:\/\/www.epolog.com\/wp-content\/uploads\/2024\/08\/10.jpg 1500w\" sizes=\"(max-width: 1024px) 100vw, 1024px\" \/>\t\t\t\t\t\t\t\t<\/a>\n\t\t\t\t\t\t\t\t\t\t\t\t\t\t\t<\/div>\n\t\t\t\t<\/div>\n\t\t\t\t<div class=\"elementor-element elementor-element-a87c85f elementor-widget elementor-widget-heading\" data-id=\"a87c85f\" data-element_type=\"widget\" data-widget_type=\"heading.default\">\n\t\t\t\t<div class=\"elementor-widget-container\">\n\t\t\t\t\t<h2 class=\"elementor-heading-title elementor-size-default\"><a href=\"https:\/\/www.epolog.com\/?page_id=337\">Lagerhaltung<\/a><\/h2>\t\t\t\t<\/div>\n\t\t\t\t<\/div>\n\t\t\t\t<\/div>\n\t\t\t\t\t<\/div>\n\t\t\t\t<\/div>\n\t\t\t\t<\/div>\n\t\t","protected":false},"excerpt":{"rendered":"<p>Impressum Jetzt Kontakt aufnehmen! Impressum Inhaltlich Verantwortlicher gem\u00e4\u00df \u00a7 18 Abs. 2 MStV: EPOLOG Exportverpackung und Logistik GmbHSiemensstra\u00dfe 5D-63526 Erlensee Tel:\u00a0 (0 61 83) 899 40-0Fax: (0 61 83) 899 40-20Mail: info@epolog.com Sitz der Gesellschaft: ErlenseeAmtsgericht Hanau HRB 91969Gesch\u00e4ftsf\u00fchrer: Stephan Wiegers, Michael GrothUSt. Ident-Nr. DE 223 638 320 Verantwortlich f\u00fcr den Inhalt nach \u00a7 55 [&hellip;]<\/p>\n","protected":false},"author":2,"featured_media":0,"parent":0,"menu_order":0,"comment_status":"closed","ping_status":"closed","template":"","meta":{"_monsterinsights_skip_tracking":false,"_monsterinsights_sitenote_active":false,"_monsterinsights_sitenote_note":"","_monsterinsights_sitenote_category":0,"ocean_post_layout":"full-screen","ocean_both_sidebars_style":"","ocean_both_sidebars_content_width":0,"ocean_both_sidebars_sidebars_width":0,"ocean_sidebar":"","ocean_second_sidebar":"","ocean_disable_margins":"enable","ocean_add_body_class":"","ocean_shortcode_before_top_bar":"","ocean_shortcode_after_top_bar":"","ocean_shortcode_before_header":"","ocean_shortcode_after_header":"","ocean_has_shortcode":"","ocean_shortcode_after_title":"","ocean_shortcode_before_footer_widgets":"","ocean_shortcode_after_footer_widgets":"","ocean_shortcode_before_footer_bottom":"","ocean_shortcode_after_footer_bottom":"","ocean_display_top_bar":"off","ocean_display_header":"default","ocean_header_style":"","ocean_center_header_left_menu":"","ocean_custom_header_template":"","ocean_custom_logo":0,"ocean_custom_retina_logo":0,"ocean_custom_logo_max_width":0,"ocean_custom_logo_tablet_max_width":0,"ocean_custom_logo_mobile_max_width":0,"ocean_custom_logo_max_height":0,"ocean_custom_logo_tablet_max_height":0,"ocean_custom_logo_mobile_max_height":0,"ocean_header_custom_menu":"","ocean_menu_typo_font_family":"","ocean_menu_typo_font_subset":"","ocean_menu_typo_font_size":0,"ocean_menu_typo_font_size_tablet":0,"ocean_menu_typo_font_size_mobile":0,"ocean_menu_typo_font_size_unit":"px","ocean_menu_typo_font_weight":"","ocean_menu_typo_font_weight_tablet":"","ocean_menu_typo_font_weight_mobile":"","ocean_menu_typo_transform":"","ocean_menu_typo_transform_tablet":"","ocean_menu_typo_transform_mobile":"","ocean_menu_typo_line_height":0,"ocean_menu_typo_line_height_tablet":0,"ocean_menu_typo_line_height_mobile":0,"ocean_menu_typo_line_height_unit":"","ocean_menu_typo_spacing":0,"ocean_menu_typo_spacing_tablet":0,"ocean_menu_typo_spacing_mobile":0,"ocean_menu_typo_spacing_unit":"","ocean_menu_link_color":"","ocean_menu_link_color_hover":"","ocean_menu_link_color_active":"","ocean_menu_link_background":"","ocean_menu_link_hover_background":"","ocean_menu_link_active_background":"","ocean_menu_social_links_bg":"","ocean_menu_social_hover_links_bg":"","ocean_menu_social_links_color":"","ocean_menu_social_hover_links_color":"","ocean_disable_title":"on","ocean_disable_heading":"default","ocean_post_title":"","ocean_post_subheading":"","ocean_post_title_style":"","ocean_post_title_background_color":"","ocean_post_title_background":0,"ocean_post_title_bg_image_position":"","ocean_post_title_bg_image_attachment":"","ocean_post_title_bg_image_repeat":"","ocean_post_title_bg_image_size":"","ocean_post_title_height":0,"ocean_post_title_bg_overlay":0.5,"ocean_post_title_bg_overlay_color":"","ocean_disable_breadcrumbs":"default","ocean_breadcrumbs_color":"","ocean_breadcrumbs_separator_color":"","ocean_breadcrumbs_links_color":"","ocean_breadcrumbs_links_hover_color":"","ocean_display_footer_widgets":"off","ocean_display_footer_bottom":"default","ocean_custom_footer_template":"","footnotes":""},"class_list":["post-573","page","type-page","status-publish","hentry","entry"],"_links":{"self":[{"href":"https:\/\/www.epolog.com\/index.php?rest_route=\/wp\/v2\/pages\/573","targetHints":{"allow":["GET"]}}],"collection":[{"href":"https:\/\/www.epolog.com\/index.php?rest_route=\/wp\/v2\/pages"}],"about":[{"href":"https:\/\/www.epolog.com\/index.php?rest_route=\/wp\/v2\/types\/page"}],"author":[{"embeddable":true,"href":"https:\/\/www.epolog.com\/index.php?rest_route=\/wp\/v2\/users\/2"}],"replies":[{"embeddable":true,"href":"https:\/\/www.epolog.com\/index.php?rest_route=%2Fwp%2Fv2%2Fcomments&post=573"}],"version-history":[{"count":13,"href":"https:\/\/www.epolog.com\/index.php?rest_route=\/wp\/v2\/pages\/573\/revisions"}],"predecessor-version":[{"id":1259,"href":"https:\/\/www.epolog.com\/index.php?rest_route=\/wp\/v2\/pages\/573\/revisions\/1259"}],"wp:attachment":[{"href":"https:\/\/www.epolog.com\/index.php?rest_route=%2Fwp%2Fv2%2Fmedia&parent=573"}],"curies":[{"name":"wp","href":"https:\/\/api.w.org\/{rel}","templated":true}]}}