{"id":186,"date":"2024-08-21T12:18:35","date_gmt":"2024-08-21T10:18:35","guid":{"rendered":"https:\/\/www.epolog.com\/?page_id=186"},"modified":"2025-11-04T10:38:29","modified_gmt":"2025-11-04T09:38:29","slug":"verpackung","status":"publish","type":"page","link":"https:\/\/www.epolog.com\/?page_id=186","title":{"rendered":"Verpackung"},"content":{"rendered":"\t\t<div data-elementor-type=\"wp-page\" data-elementor-id=\"186\" class=\"elementor elementor-186\">\n\t\t\t\t<div class=\"elementor-element elementor-element-4790ecb e-flex e-con-boxed e-con e-parent\" data-id=\"4790ecb\" data-element_type=\"container\" data-settings=\"{&quot;background_background&quot;:&quot;video&quot;,&quot;background_video_link&quot;:&quot;https:\\\/\\\/youtu.be\\\/e_chLxZu_MY&quot;}\">\n\t\t\t\t\t<div class=\"e-con-inner\">\n\t\t<div class=\"elementor-background-video-container elementor-hidden-mobile\" aria-hidden=\"true\">\n\t\t\t\t\t\t\t<div class=\"elementor-background-video-embed\"><\/div>\n\t\t\t\t\t\t<\/div>\t\t<div class=\"elementor-element elementor-element-c075eeb elementor-widget elementor-widget-heading\" data-id=\"c075eeb\" data-element_type=\"widget\" data-widget_type=\"heading.default\">\n\t\t\t\t<div class=\"elementor-widget-container\">\n\t\t\t\t\t<h2 class=\"elementor-heading-title elementor-size-default\">Verpackung nach Ma\u00df<\/h2>\t\t\t\t<\/div>\n\t\t\t\t<\/div>\n\t\t\t\t<div class=\"elementor-element elementor-element-ba0656b elementor-widget elementor-widget-button\" data-id=\"ba0656b\" data-element_type=\"widget\" data-widget_type=\"button.default\">\n\t\t\t\t<div class=\"elementor-widget-container\">\n\t\t\t\t\t\t\t\t\t<div class=\"elementor-button-wrapper\">\n\t\t\t\t\t<a class=\"elementor-button elementor-button-link elementor-size-sm\" href=\"https:\/\/www.epolog.com\/?page_id=16\">\n\t\t\t\t\t\t<span class=\"elementor-button-content-wrapper\">\n\t\t\t\t\t\t\t\t\t<span class=\"elementor-button-text\">Hier klicken<\/span>\n\t\t\t\t\t<\/span>\n\t\t\t\t\t<\/a>\n\t\t\t\t<\/div>\n\t\t\t\t\t\t\t\t<\/div>\n\t\t\t\t<\/div>\n\t\t\t\t\t<\/div>\n\t\t\t\t<\/div>\n\t\t<div class=\"elementor-element elementor-element-bbe1985 e-flex e-con-boxed e-con e-parent\" data-id=\"bbe1985\" data-element_type=\"container\">\n\t\t\t\t\t<div class=\"e-con-inner\">\n\t\t<div class=\"elementor-element elementor-element-f72843c e-con-full e-flex e-con e-child\" data-id=\"f72843c\" data-element_type=\"container\">\n\t\t\t\t<div class=\"elementor-element elementor-element-0090b39 elementor-widget elementor-widget-image\" data-id=\"0090b39\" data-element_type=\"widget\" data-widget_type=\"image.default\">\n\t\t\t\t<div class=\"elementor-widget-container\">\n\t\t\t\t\t\t\t\t\t\t\t\t\t\t\t<img fetchpriority=\"high\" decoding=\"async\" width=\"1024\" height=\"683\" src=\"https:\/\/www.epolog.com\/wp-content\/uploads\/2024\/08\/Website-bilder11-1024x683.jpg\" class=\"attachment-large size-large wp-image-232\" alt=\"\" srcset=\"https:\/\/www.epolog.com\/wp-content\/uploads\/2024\/08\/Website-bilder11-1024x683.jpg 1024w, https:\/\/www.epolog.com\/wp-content\/uploads\/2024\/08\/Website-bilder11-300x200.jpg 300w, https:\/\/www.epolog.com\/wp-content\/uploads\/2024\/08\/Website-bilder11-768x512.jpg 768w, https:\/\/www.epolog.com\/wp-content\/uploads\/2024\/08\/Website-bilder11.jpg 1500w\" sizes=\"(max-width: 1024px) 100vw, 1024px\" \/>\t\t\t\t\t\t\t\t\t\t\t\t\t\t\t<\/div>\n\t\t\t\t<\/div>\n\t\t\t\t<\/div>\n\t\t<div class=\"elementor-element elementor-element-919f33b e-con-full e-flex e-con e-child\" data-id=\"919f33b\" data-element_type=\"container\">\n\t\t\t\t<div class=\"elementor-element elementor-element-94804fa elementor-widget elementor-widget-heading\" data-id=\"94804fa\" data-element_type=\"widget\" data-widget_type=\"heading.default\">\n\t\t\t\t<div class=\"elementor-widget-container\">\n\t\t\t\t\t<h2 class=\"elementor-heading-title elementor-size-default\">Individuell und Exklusiv f\u00fcr Ihre Anforderungen<\/h2>\t\t\t\t<\/div>\n\t\t\t\t<\/div>\n\t\t\t\t<div class=\"elementor-element elementor-element-9e077de elementor-widget elementor-widget-text-editor\" data-id=\"9e077de\" data-element_type=\"widget\" data-widget_type=\"text-editor.default\">\n\t\t\t\t<div class=\"elementor-widget-container\">\n\t\t\t\t\t\t\t\t\t<p><strong>Ma\u00dfgeschneiderte Verpackungsl\u00f6sungen:<\/strong><\/p><p>Ob Einzelst\u00fcck oder ganze Fabrikanlage \u2013 unsere Verpackungen werden pr\u00e4zise auf Ihre Bed\u00fcrfnisse abgestimmt.<\/p><p><strong>Hochwertige Materialien:<\/strong><\/p><p>Verwendung von Massivholz, OSB, Sperrholz und weiteren Holzwerkstoffen, kombiniert mit Metallen oder Kartonagen f\u00fcr optimalen Schutz.<\/p><p><strong>Zertifizierte Qualit\u00e4t:<\/strong><\/p><p>Unsere Verpackungen erf\u00fcllen die international anerkannten Standards des Fachverbandes HPE e.V., um h\u00f6chste Qualit\u00e4tsanforderungen zu gew\u00e4hrleisten.<\/p>\t\t\t\t\t\t\t\t<\/div>\n\t\t\t\t<\/div>\n\t\t\t\t<\/div>\n\t\t\t\t\t<\/div>\n\t\t\t\t<\/div>\n\t\t<div class=\"elementor-element elementor-element-22f6f34 e-flex e-con-boxed e-con e-parent\" data-id=\"22f6f34\" data-element_type=\"container\">\n\t\t\t\t\t<div class=\"e-con-inner\">\n\t\t<div class=\"elementor-element elementor-element-f822038 e-con-full e-flex e-con e-child\" data-id=\"f822038\" data-element_type=\"container\">\n\t\t\t\t<div class=\"elementor-element elementor-element-63615ea elementor-widget elementor-widget-heading\" data-id=\"63615ea\" data-element_type=\"widget\" data-widget_type=\"heading.default\">\n\t\t\t\t<div class=\"elementor-widget-container\">\n\t\t\t\t\t<h2 class=\"elementor-heading-title elementor-size-default\">Flexibilit\u00e4t und Fachkompetenz \u2013 Europaweit f\u00fcr Sie im Einsatz<\/h2>\t\t\t\t<\/div>\n\t\t\t\t<\/div>\n\t\t\t\t<div class=\"elementor-element elementor-element-1054a82 elementor-widget elementor-widget-text-editor\" data-id=\"1054a82\" data-element_type=\"widget\" data-widget_type=\"text-editor.default\">\n\t\t\t\t<div class=\"elementor-widget-container\">\n\t\t\t\t\t\t\t\t\t<p><strong>Verpackung vor Ort:<\/strong><\/p><p>Unsere mobilen Verpackerteams sind europaweit einsatzbereit und verpacken Ihre Produkte direkt bei Ihnen, falls ein Transport zu uns nicht m\u00f6glich ist.<\/p><p><strong>Verpackung europaweit:<\/strong><\/p><p>Ob bei Ihnen, Ihrem Produzenten oder an einem unserer Standorte \u2013 wir verpacken fachgerecht und termingerecht.<\/p><p><strong>Transportwege:<\/strong><\/p><p>Spezialisierte L\u00f6sungen f\u00fcr Land-, Luft- und Seeverpackungen sorgen daf\u00fcr, dass Ihre G\u00fcter sicher an ihren Bestimmungsort gelangen.<\/p>\t\t\t\t\t\t\t\t<\/div>\n\t\t\t\t<\/div>\n\t\t\t\t<\/div>\n\t\t<div class=\"elementor-element elementor-element-42118f9 e-con-full e-flex e-con e-child\" data-id=\"42118f9\" data-element_type=\"container\">\n\t\t\t\t<div class=\"elementor-element elementor-element-fd0981d elementor-widget elementor-widget-image\" data-id=\"fd0981d\" data-element_type=\"widget\" data-widget_type=\"image.default\">\n\t\t\t\t<div class=\"elementor-widget-container\">\n\t\t\t\t\t\t\t\t\t\t\t\t\t\t\t<img decoding=\"async\" width=\"1024\" height=\"683\" src=\"https:\/\/www.epolog.com\/wp-content\/uploads\/2024\/08\/Website-bilder12-1024x683.jpg\" class=\"attachment-large size-large wp-image-240\" alt=\"\" srcset=\"https:\/\/www.epolog.com\/wp-content\/uploads\/2024\/08\/Website-bilder12-1024x683.jpg 1024w, https:\/\/www.epolog.com\/wp-content\/uploads\/2024\/08\/Website-bilder12-300x200.jpg 300w, https:\/\/www.epolog.com\/wp-content\/uploads\/2024\/08\/Website-bilder12-768x512.jpg 768w, https:\/\/www.epolog.com\/wp-content\/uploads\/2024\/08\/Website-bilder12.jpg 1500w\" sizes=\"(max-width: 1024px) 100vw, 1024px\" \/>\t\t\t\t\t\t\t\t\t\t\t\t\t\t\t<\/div>\n\t\t\t\t<\/div>\n\t\t\t\t<\/div>\n\t\t\t\t\t<\/div>\n\t\t\t\t<\/div>\n\t\t<div class=\"elementor-element elementor-element-67cac3b e-flex e-con-boxed e-con e-parent\" data-id=\"67cac3b\" data-element_type=\"container\">\n\t\t\t\t\t<div class=\"e-con-inner\">\n\t\t<div class=\"elementor-element elementor-element-cfeb0bd e-con-full e-flex e-con e-child\" data-id=\"cfeb0bd\" data-element_type=\"container\">\n\t\t\t\t<div class=\"elementor-element elementor-element-0c5624b elementor-widget elementor-widget-image\" data-id=\"0c5624b\" data-element_type=\"widget\" data-widget_type=\"image.default\">\n\t\t\t\t<div class=\"elementor-widget-container\">\n\t\t\t\t\t\t\t\t\t\t\t\t\t\t\t<img decoding=\"async\" width=\"1024\" height=\"683\" src=\"https:\/\/www.epolog.com\/wp-content\/uploads\/2024\/08\/Website-bilder13-1024x683.jpg\" class=\"attachment-large size-large wp-image-241\" alt=\"\" srcset=\"https:\/\/www.epolog.com\/wp-content\/uploads\/2024\/08\/Website-bilder13-1024x683.jpg 1024w, https:\/\/www.epolog.com\/wp-content\/uploads\/2024\/08\/Website-bilder13-300x200.jpg 300w, https:\/\/www.epolog.com\/wp-content\/uploads\/2024\/08\/Website-bilder13-768x512.jpg 768w, https:\/\/www.epolog.com\/wp-content\/uploads\/2024\/08\/Website-bilder13.jpg 1500w\" sizes=\"(max-width: 1024px) 100vw, 1024px\" \/>\t\t\t\t\t\t\t\t\t\t\t\t\t\t\t<\/div>\n\t\t\t\t<\/div>\n\t\t\t\t<\/div>\n\t\t<div class=\"elementor-element elementor-element-48b4a4a e-con-full e-flex e-con e-child\" data-id=\"48b4a4a\" data-element_type=\"container\">\n\t\t\t\t<div class=\"elementor-element elementor-element-dc49f61 elementor-widget elementor-widget-heading\" data-id=\"dc49f61\" data-element_type=\"widget\" data-widget_type=\"heading.default\">\n\t\t\t\t<div class=\"elementor-widget-container\">\n\t\t\t\t\t<h2 class=\"elementor-heading-title elementor-size-default\">Zus\u00e4tzliche Dienstleistungen<\/h2>\t\t\t\t<\/div>\n\t\t\t\t<\/div>\n\t\t\t\t<div class=\"elementor-element elementor-element-fb6a082 elementor-widget elementor-widget-text-editor\" data-id=\"fb6a082\" data-element_type=\"widget\" data-widget_type=\"text-editor.default\">\n\t\t\t\t<div class=\"elementor-widget-container\">\n\t\t\t\t\t\t\t\t\t<p><strong>Konservierung:<\/strong> Schutz vor Feuchtigkeit und Korrosion, um Ihre Produkte w\u00e4hrend langer Transporte oder Lagerung zu bewahren.<\/p><p><strong>Lagerung und Transport:<\/strong> Ber\u00fccksichtigung aller Anforderungen f\u00fcr sichere und kosteneffiziente Lagerung und Transport.<\/p>\t\t\t\t\t\t\t\t<\/div>\n\t\t\t\t<\/div>\n\t\t\t\t<\/div>\n\t\t\t\t\t<\/div>\n\t\t\t\t<\/div>\n\t\t<div class=\"elementor-element elementor-element-732e9d8 e-flex e-con-boxed e-con e-parent\" data-id=\"732e9d8\" data-element_type=\"container\">\n\t\t\t\t\t<div class=\"e-con-inner\">\n\t\t<div class=\"elementor-element elementor-element-8294046 e-con-full e-flex e-con e-child\" data-id=\"8294046\" data-element_type=\"container\">\n\t\t\t\t<div class=\"elementor-element elementor-element-4c964b8 elementor-widget elementor-widget-heading\" data-id=\"4c964b8\" data-element_type=\"widget\" data-widget_type=\"heading.default\">\n\t\t\t\t<div class=\"elementor-widget-container\">\n\t\t\t\t\t<h2 class=\"elementor-heading-title elementor-size-default\">Vertrauen Sie auf unsere Expertise<\/h2>\t\t\t\t<\/div>\n\t\t\t\t<\/div>\n\t\t\t\t<div class=\"elementor-element elementor-element-00f1bc3 elementor-widget elementor-widget-text-editor\" data-id=\"00f1bc3\" data-element_type=\"widget\" data-widget_type=\"text-editor.default\">\n\t\t\t\t<div class=\"elementor-widget-container\">\n\t\t\t\t\t\t\t\t\t<p><strong>Europaweite Verf\u00fcgbarkeit:<\/strong> Flexible und effiziente Verpackungsl\u00f6sungen, genau dort, wo Sie sie ben\u00f6tigen.<\/p><p><strong>Sicher und effizient:<\/strong> Unser erfahrenes Team sorgt daf\u00fcr, dass Ihre G\u00fcter stets sicher verpackt und transportbereit sind \u2013 egal, wohin sie gehen.<\/p>\t\t\t\t\t\t\t\t<\/div>\n\t\t\t\t<\/div>\n\t\t\t\t<\/div>\n\t\t<div class=\"elementor-element elementor-element-edeb741 e-con-full e-flex e-con e-child\" data-id=\"edeb741\" data-element_type=\"container\">\n\t\t\t\t<div class=\"elementor-element elementor-element-d9bd166 elementor-widget elementor-widget-image\" data-id=\"d9bd166\" data-element_type=\"widget\" data-widget_type=\"image.default\">\n\t\t\t\t<div class=\"elementor-widget-container\">\n\t\t\t\t\t\t\t\t\t\t\t\t\t\t\t<img loading=\"lazy\" decoding=\"async\" width=\"1024\" height=\"683\" src=\"https:\/\/www.epolog.com\/wp-content\/uploads\/2024\/08\/Website-bilder14-1024x683.jpg\" class=\"attachment-large size-large wp-image-242\" alt=\"\" srcset=\"https:\/\/www.epolog.com\/wp-content\/uploads\/2024\/08\/Website-bilder14-1024x683.jpg 1024w, https:\/\/www.epolog.com\/wp-content\/uploads\/2024\/08\/Website-bilder14-300x200.jpg 300w, https:\/\/www.epolog.com\/wp-content\/uploads\/2024\/08\/Website-bilder14-768x512.jpg 768w, https:\/\/www.epolog.com\/wp-content\/uploads\/2024\/08\/Website-bilder14.jpg 1500w\" sizes=\"(max-width: 1024px) 100vw, 1024px\" \/>\t\t\t\t\t\t\t\t\t\t\t\t\t\t\t<\/div>\n\t\t\t\t<\/div>\n\t\t\t\t<\/div>\n\t\t\t\t\t<\/div>\n\t\t\t\t<\/div>\n\t\t<div class=\"elementor-element elementor-element-66c4c15 e-flex e-con-boxed e-con e-parent\" data-id=\"66c4c15\" data-element_type=\"container\">\n\t\t\t\t\t<div class=\"e-con-inner\">\n\t\t\t\t<div class=\"elementor-element elementor-element-754c16e elementor-widget elementor-widget-button\" data-id=\"754c16e\" data-element_type=\"widget\" data-widget_type=\"button.default\">\n\t\t\t\t<div class=\"elementor-widget-container\">\n\t\t\t\t\t\t\t\t\t<div class=\"elementor-button-wrapper\">\n\t\t\t\t\t<a class=\"elementor-button elementor-button-link elementor-size-sm\" href=\"https:\/\/www.epolog.com\/?page_id=16\">\n\t\t\t\t\t\t<span class=\"elementor-button-content-wrapper\">\n\t\t\t\t\t\t\t\t\t<span class=\"elementor-button-text\">Jetzt Verpackung anfragen!<\/span>\n\t\t\t\t\t<\/span>\n\t\t\t\t\t<\/a>\n\t\t\t\t<\/div>\n\t\t\t\t\t\t\t\t<\/div>\n\t\t\t\t<\/div>\n\t\t\t\t\t<\/div>\n\t\t\t\t<\/div>\n\t\t<div class=\"elementor-element elementor-element-6bdb275 e-flex e-con-boxed e-con e-parent\" data-id=\"6bdb275\" data-element_type=\"container\">\n\t\t\t\t\t<div class=\"e-con-inner\">\n\t\t\t\t<div class=\"elementor-element elementor-element-ad4ed26 elementor-widget elementor-widget-heading\" data-id=\"ad4ed26\" data-element_type=\"widget\" data-widget_type=\"heading.default\">\n\t\t\t\t<div class=\"elementor-widget-container\">\n\t\t\t\t\t<h2 class=\"elementor-heading-title elementor-size-default\">Entdecken Sie jetzt unsere weiteren Leistungen!<\/h2>\t\t\t\t<\/div>\n\t\t\t\t<\/div>\n\t\t\t\t\t<\/div>\n\t\t\t\t<\/div>\n\t\t<div class=\"elementor-element elementor-element-87ea141 e-flex e-con-boxed e-con e-parent\" data-id=\"87ea141\" data-element_type=\"container\">\n\t\t\t\t\t<div class=\"e-con-inner\">\n\t\t<div class=\"elementor-element elementor-element-0d049de e-con-full e-flex e-con e-child\" data-id=\"0d049de\" data-element_type=\"container\">\n\t\t\t\t<div class=\"elementor-element elementor-element-37203dc elementor-widget elementor-widget-image\" data-id=\"37203dc\" data-element_type=\"widget\" data-widget_type=\"image.default\">\n\t\t\t\t<div class=\"elementor-widget-container\">\n\t\t\t\t\t\t\t\t\t\t\t\t\t\t\t\t<a href=\"https:\/\/www.epolog.com\/?page_id=267\">\n\t\t\t\t\t\t\t<img loading=\"lazy\" decoding=\"async\" width=\"1024\" height=\"683\" src=\"https:\/\/www.epolog.com\/wp-content\/uploads\/2024\/08\/Website-bilder15-1024x683.jpg\" class=\"attachment-large size-large wp-image-298\" alt=\"\" srcset=\"https:\/\/www.epolog.com\/wp-content\/uploads\/2024\/08\/Website-bilder15-1024x683.jpg 1024w, https:\/\/www.epolog.com\/wp-content\/uploads\/2024\/08\/Website-bilder15-300x200.jpg 300w, https:\/\/www.epolog.com\/wp-content\/uploads\/2024\/08\/Website-bilder15-768x512.jpg 768w, https:\/\/www.epolog.com\/wp-content\/uploads\/2024\/08\/Website-bilder15.jpg 1500w\" sizes=\"(max-width: 1024px) 100vw, 1024px\" \/>\t\t\t\t\t\t\t\t<\/a>\n\t\t\t\t\t\t\t\t\t\t\t\t\t\t\t<\/div>\n\t\t\t\t<\/div>\n\t\t\t\t<div class=\"elementor-element elementor-element-a0442ad elementor-widget elementor-widget-heading\" data-id=\"a0442ad\" data-element_type=\"widget\" data-widget_type=\"heading.default\">\n\t\t\t\t<div class=\"elementor-widget-container\">\n\t\t\t\t\t<h2 class=\"elementor-heading-title elementor-size-default\"><a href=\"https:\/\/www.epolog.com\/?page_id=267\">Containerstau<\/a><\/h2>\t\t\t\t<\/div>\n\t\t\t\t<\/div>\n\t\t\t\t<\/div>\n\t\t<div class=\"elementor-element elementor-element-d83022f e-con-full e-flex e-con e-child\" data-id=\"d83022f\" data-element_type=\"container\">\n\t\t\t\t<div class=\"elementor-element elementor-element-7b25bc5 elementor-widget elementor-widget-image\" data-id=\"7b25bc5\" data-element_type=\"widget\" data-widget_type=\"image.default\">\n\t\t\t\t<div class=\"elementor-widget-container\">\n\t\t\t\t\t\t\t\t\t\t\t\t\t\t\t\t<a href=\"https:\/\/www.epolog.com\/?page_id=315\">\n\t\t\t\t\t\t\t<img loading=\"lazy\" decoding=\"async\" width=\"1024\" height=\"683\" src=\"https:\/\/www.epolog.com\/wp-content\/uploads\/2024\/08\/8-1024x683.jpg\" class=\"attachment-large size-large wp-image-302\" alt=\"\" srcset=\"https:\/\/www.epolog.com\/wp-content\/uploads\/2024\/08\/8-1024x683.jpg 1024w, https:\/\/www.epolog.com\/wp-content\/uploads\/2024\/08\/8-300x200.jpg 300w, https:\/\/www.epolog.com\/wp-content\/uploads\/2024\/08\/8-768x512.jpg 768w, https:\/\/www.epolog.com\/wp-content\/uploads\/2024\/08\/8.jpg 1500w\" sizes=\"(max-width: 1024px) 100vw, 1024px\" \/>\t\t\t\t\t\t\t\t<\/a>\n\t\t\t\t\t\t\t\t\t\t\t\t\t\t\t<\/div>\n\t\t\t\t<\/div>\n\t\t\t\t<div class=\"elementor-element elementor-element-a90b6ea elementor-widget elementor-widget-heading\" data-id=\"a90b6ea\" data-element_type=\"widget\" data-widget_type=\"heading.default\">\n\t\t\t\t<div class=\"elementor-widget-container\">\n\t\t\t\t\t<h2 class=\"elementor-heading-title elementor-size-default\"><a href=\"https:\/\/www.epolog.com\/?page_id=315\">Spedition<\/a><\/h2>\t\t\t\t<\/div>\n\t\t\t\t<\/div>\n\t\t\t\t<\/div>\n\t\t<div class=\"elementor-element elementor-element-018572b e-con-full e-flex e-con e-child\" data-id=\"018572b\" data-element_type=\"container\">\n\t\t\t\t<div class=\"elementor-element elementor-element-07fa94f elementor-widget elementor-widget-image\" data-id=\"07fa94f\" data-element_type=\"widget\" data-widget_type=\"image.default\">\n\t\t\t\t<div class=\"elementor-widget-container\">\n\t\t\t\t\t\t\t\t\t\t\t\t\t\t\t\t<a href=\"https:\/\/www.epolog.com\/?page_id=326\">\n\t\t\t\t\t\t\t<img loading=\"lazy\" decoding=\"async\" width=\"1024\" height=\"683\" src=\"https:\/\/www.epolog.com\/wp-content\/uploads\/2024\/08\/Website-bilder16-1024x683.jpg\" class=\"attachment-large size-large wp-image-311\" alt=\"\" srcset=\"https:\/\/www.epolog.com\/wp-content\/uploads\/2024\/08\/Website-bilder16-1024x683.jpg 1024w, https:\/\/www.epolog.com\/wp-content\/uploads\/2024\/08\/Website-bilder16-300x200.jpg 300w, https:\/\/www.epolog.com\/wp-content\/uploads\/2024\/08\/Website-bilder16-768x512.jpg 768w, https:\/\/www.epolog.com\/wp-content\/uploads\/2024\/08\/Website-bilder16.jpg 1500w\" sizes=\"(max-width: 1024px) 100vw, 1024px\" \/>\t\t\t\t\t\t\t\t<\/a>\n\t\t\t\t\t\t\t\t\t\t\t\t\t\t\t<\/div>\n\t\t\t\t<\/div>\n\t\t\t\t<div class=\"elementor-element elementor-element-f774331 elementor-widget elementor-widget-heading\" data-id=\"f774331\" data-element_type=\"widget\" data-widget_type=\"heading.default\">\n\t\t\t\t<div class=\"elementor-widget-container\">\n\t\t\t\t\t<h2 class=\"elementor-heading-title elementor-size-default\"><a href=\"https:\/\/www.epolog.com\/?page_id=326\">Packmittel<\/a><\/h2>\t\t\t\t<\/div>\n\t\t\t\t<\/div>\n\t\t\t\t<\/div>\n\t\t<div class=\"elementor-element elementor-element-6d1685d e-con-full e-flex e-con e-child\" data-id=\"6d1685d\" data-element_type=\"container\">\n\t\t\t\t<div class=\"elementor-element elementor-element-d4a0239 elementor-widget elementor-widget-image\" data-id=\"d4a0239\" data-element_type=\"widget\" data-widget_type=\"image.default\">\n\t\t\t\t<div class=\"elementor-widget-container\">\n\t\t\t\t\t\t\t\t\t\t\t\t\t\t\t\t<a href=\"https:\/\/www.epolog.com\/?page_id=337\">\n\t\t\t\t\t\t\t<img loading=\"lazy\" decoding=\"async\" width=\"1024\" height=\"683\" src=\"https:\/\/www.epolog.com\/wp-content\/uploads\/2024\/08\/10-1024x683.jpg\" class=\"attachment-large size-large wp-image-300\" alt=\"\" srcset=\"https:\/\/www.epolog.com\/wp-content\/uploads\/2024\/08\/10-1024x683.jpg 1024w, https:\/\/www.epolog.com\/wp-content\/uploads\/2024\/08\/10-300x200.jpg 300w, https:\/\/www.epolog.com\/wp-content\/uploads\/2024\/08\/10-768x512.jpg 768w, https:\/\/www.epolog.com\/wp-content\/uploads\/2024\/08\/10.jpg 1500w\" sizes=\"(max-width: 1024px) 100vw, 1024px\" \/>\t\t\t\t\t\t\t\t<\/a>\n\t\t\t\t\t\t\t\t\t\t\t\t\t\t\t<\/div>\n\t\t\t\t<\/div>\n\t\t\t\t<div class=\"elementor-element elementor-element-717eadf elementor-widget elementor-widget-heading\" data-id=\"717eadf\" data-element_type=\"widget\" data-widget_type=\"heading.default\">\n\t\t\t\t<div class=\"elementor-widget-container\">\n\t\t\t\t\t<h2 class=\"elementor-heading-title elementor-size-default\"><a href=\"https:\/\/www.epolog.com\/?page_id=337\">Lagerhaltung<\/a><\/h2>\t\t\t\t<\/div>\n\t\t\t\t<\/div>\n\t\t\t\t<\/div>\n\t\t\t\t\t<\/div>\n\t\t\t\t<\/div>\n\t\t\t\t<\/div>\n\t\t","protected":false},"excerpt":{"rendered":"<p>Verpackung nach Ma\u00df Hier klicken Individuell und Exklusiv f\u00fcr Ihre Anforderungen Ma\u00dfgeschneiderte Verpackungsl\u00f6sungen: Ob Einzelst\u00fcck oder ganze Fabrikanlage \u2013 unsere Verpackungen werden pr\u00e4zise auf Ihre Bed\u00fcrfnisse abgestimmt. Hochwertige Materialien: Verwendung von Massivholz, OSB, Sperrholz und weiteren Holzwerkstoffen, kombiniert mit Metallen oder Kartonagen f\u00fcr optimalen Schutz. Zertifizierte Qualit\u00e4t: Unsere Verpackungen erf\u00fcllen die international anerkannten Standards des [&hellip;]<\/p>\n","protected":false},"author":2,"featured_media":0,"parent":0,"menu_order":0,"comment_status":"closed","ping_status":"closed","template":"","meta":{"_monsterinsights_skip_tracking":false,"_monsterinsights_sitenote_active":false,"_monsterinsights_sitenote_note":"","_monsterinsights_sitenote_category":0,"ocean_post_layout":"full-screen","ocean_both_sidebars_style":"","ocean_both_sidebars_content_width":0,"ocean_both_sidebars_sidebars_width":0,"ocean_sidebar":"","ocean_second_sidebar":"","ocean_disable_margins":"enable","ocean_add_body_class":"","ocean_shortcode_before_top_bar":"","ocean_shortcode_after_top_bar":"","ocean_shortcode_before_header":"","ocean_shortcode_after_header":"","ocean_has_shortcode":"","ocean_shortcode_after_title":"","ocean_shortcode_before_footer_widgets":"","ocean_shortcode_after_footer_widgets":"","ocean_shortcode_before_footer_bottom":"","ocean_shortcode_after_footer_bottom":"","ocean_display_top_bar":"off","ocean_display_header":"default","ocean_header_style":"","ocean_center_header_left_menu":"","ocean_custom_header_template":"","ocean_custom_logo":0,"ocean_custom_retina_logo":0,"ocean_custom_logo_max_width":0,"ocean_custom_logo_tablet_max_width":0,"ocean_custom_logo_mobile_max_width":0,"ocean_custom_logo_max_height":0,"ocean_custom_logo_tablet_max_height":0,"ocean_custom_logo_mobile_max_height":0,"ocean_header_custom_menu":"","ocean_menu_typo_font_family":"","ocean_menu_typo_font_subset":"","ocean_menu_typo_font_size":0,"ocean_menu_typo_font_size_tablet":0,"ocean_menu_typo_font_size_mobile":0,"ocean_menu_typo_font_size_unit":"px","ocean_menu_typo_font_weight":"","ocean_menu_typo_font_weight_tablet":"","ocean_menu_typo_font_weight_mobile":"","ocean_menu_typo_transform":"","ocean_menu_typo_transform_tablet":"","ocean_menu_typo_transform_mobile":"","ocean_menu_typo_line_height":0,"ocean_menu_typo_line_height_tablet":0,"ocean_menu_typo_line_height_mobile":0,"ocean_menu_typo_line_height_unit":"","ocean_menu_typo_spacing":0,"ocean_menu_typo_spacing_tablet":0,"ocean_menu_typo_spacing_mobile":0,"ocean_menu_typo_spacing_unit":"","ocean_menu_link_color":"","ocean_menu_link_color_hover":"","ocean_menu_link_color_active":"","ocean_menu_link_background":"","ocean_menu_link_hover_background":"","ocean_menu_link_active_background":"","ocean_menu_social_links_bg":"","ocean_menu_social_hover_links_bg":"","ocean_menu_social_links_color":"","ocean_menu_social_hover_links_color":"","ocean_disable_title":"on","ocean_disable_heading":"default","ocean_post_title":"","ocean_post_subheading":"","ocean_post_title_style":"","ocean_post_title_background_color":"","ocean_post_title_background":0,"ocean_post_title_bg_image_position":"","ocean_post_title_bg_image_attachment":"","ocean_post_title_bg_image_repeat":"","ocean_post_title_bg_image_size":"","ocean_post_title_height":0,"ocean_post_title_bg_overlay":0.5,"ocean_post_title_bg_overlay_color":"","ocean_disable_breadcrumbs":"default","ocean_breadcrumbs_color":"","ocean_breadcrumbs_separator_color":"","ocean_breadcrumbs_links_color":"","ocean_breadcrumbs_links_hover_color":"","ocean_display_footer_widgets":"off","ocean_display_footer_bottom":"default","ocean_custom_footer_template":"","footnotes":""},"class_list":["post-186","page","type-page","status-publish","hentry","entry"],"_links":{"self":[{"href":"https:\/\/www.epolog.com\/index.php?rest_route=\/wp\/v2\/pages\/186","targetHints":{"allow":["GET"]}}],"collection":[{"href":"https:\/\/www.epolog.com\/index.php?rest_route=\/wp\/v2\/pages"}],"about":[{"href":"https:\/\/www.epolog.com\/index.php?rest_route=\/wp\/v2\/types\/page"}],"author":[{"embeddable":true,"href":"https:\/\/www.epolog.com\/index.php?rest_route=\/wp\/v2\/users\/2"}],"replies":[{"embeddable":true,"href":"https:\/\/www.epolog.com\/index.php?rest_route=%2Fwp%2Fv2%2Fcomments&post=186"}],"version-history":[{"count":84,"href":"https:\/\/www.epolog.com\/index.php?rest_route=\/wp\/v2\/pages\/186\/revisions"}],"predecessor-version":[{"id":1376,"href":"https:\/\/www.epolog.com\/index.php?rest_route=\/wp\/v2\/pages\/186\/revisions\/1376"}],"wp:attachment":[{"href":"https:\/\/www.epolog.com\/index.php?rest_route=%2Fwp%2Fv2%2Fmedia&parent=186"}],"curies":[{"name":"wp","href":"https:\/\/api.w.org\/{rel}","templated":true}]}}